{"id":430,"date":"2024-04-09T10:24:05","date_gmt":"2024-04-09T10:24:05","guid":{"rendered":"https:\/\/fassaadistuudio.ee\/?page_id=430"},"modified":"2025-05-03T15:07:55","modified_gmt":"2025-05-03T15:07:55","slug":"paigaldusteenused","status":"publish","type":"page","link":"https:\/\/fassaadistuudio.ee\/en\/tooted\/paigaldusteenused\/","title":{"rendered":"Installation"},"content":{"rendered":"<p>We also offer for all the materials we sell, <strong>installation.<\/strong>. Our team has over 10 years of experience in building different ventilated facades. We offer facade panel <strong>milling service<\/strong> in an up to a 6m work range CNC mill.<\/p>\n\n\n\n<p>Clients can rent different tools for facade building:<\/p>\n\n\n\n<ul class=\"wp-block-list\">\n<li>Battery powered rivet guns<\/li>\n\n\n\n<li>Makita panel saw with bars<\/li>\n\n\n\n<li>Special 1600x3000mm tables on wheels for processing tiles<\/li>\n<\/ul>\n\n\n<style>.kb-gallery-id-430_c4a8bb-28.kb-gallery-ul.kb-gallery-type-fluidcarousel .kt-blocks-carousel figure .kb-gal-image-radius, .kb-gallery-id-430_c4a8bb-28.kb-gallery-ul.kb-gallery-type-fluidcarousel .kt-blocks-carousel figure .kb-gal-image-radius img{height:144px;}.kb-gallery-id-430_c4a8bb-28 .kadence-blocks-gallery-item .kb-gal-image-radius, .kb-gallery-id-430_c4a8bb-28 .kb-slide-item .kb-gal-image-radius img{border-radius:0px 0px 0px 0px;;}.kb-gallery-wrap-id-430_c4a8bb-28.wp-block-kadence-advancedgallery{overflow:visible;}.kb-gallery-wrap-id-430_c4a8bb-28.wp-block-kadence-advancedgallery .kt-blocks-carousel{overflow:visible;max-width:100%;}<\/style><div class=\"kb-gallery-wrap-id-430_c4a8bb-28 alignnone wp-block-kadence-advancedgallery\"><div class=\"kb-gallery-ul kb-gallery-non-static kb-gallery-type-fluidcarousel kb-gallery-id-430_c4a8bb-28 kb-gallery-caption-style-bottom-hover kb-gallery-filter-none kb-gallery-magnific-init\" data-image-filter=\"none\" data-lightbox-caption=\"true\"><div class=\"kt-blocks-carousel splide kt-carousel-container-dotstyle-dark kt-carousel-arrowstyle-whiteondark kt-carousel-dotstyle-dark kb-slider-group-arrow kb-slider-arrow-position-center\" data-slider-anim-speed=\"400\" data-slider-scroll=\"1\" data-slider-arrows=\"true\" data-slider-dots=\"true\" data-slider-hover-pause=\"false\" data-slider-auto=\"\" data-slider-speed=\"7000\" data-slider-type=\"fluidcarousel\" data-slider-center-mode=\"true\" data-slider-gap=\"10px\" data-slider-gap-tablet=\"10px\" data-slider-gap-mobile=\"10px\" data-show-pause-button=\"false\"><div class=\"splide__track\"><ul class=\"kt-blocks-carousel-init kb-blocks-fluid-carousel splide__list\"><li class=\"kb-slide-item kb-gallery-carousel-item splide__slide\"><div class=\"kadence-blocks-gallery-item\"><div class=\"kadence-blocks-gallery-item-inner\"><figure class=\"kb-gallery-figure kb-gallery-item-has-link kadence-blocks-gallery-item-hide-caption\"><a href=\"https:\/\/fassaadistuudio.ee\/wp-content\/uploads\/2024\/04\/14492491_1296341817065522_7204454322760797533_n_medium-1.jpg\" class=\"kb-gallery-item-link\"   role=\"button\" aria-haspopup=\"dialog\"><div class=\"kb-gal-image-radius\"><div class=\"kb-gallery-image-contain\" ><img loading=\"lazy\" decoding=\"async\" src=\"https:\/\/fassaadistuudio.ee\/wp-content\/uploads\/2024\/04\/14492491_1296341817065522_7204454322760797533_n_medium-1.jpg\" width=\"150\" height=\"113\" alt=\"\" data-full-image=\"https:\/\/fassaadistuudio.ee\/wp-content\/uploads\/2024\/04\/14492491_1296341817065522_7204454322760797533_n_medium-1.jpg\" data-light-image=\"https:\/\/fassaadistuudio.ee\/wp-content\/uploads\/2024\/04\/14492491_1296341817065522_7204454322760797533_n_medium-1.jpg\" data-id=\"253\" class=\"wp-image-253 skip-lazy\"\/><\/div><\/div><\/a><\/figure><\/div><\/div><\/li><li class=\"kb-slide-item kb-gallery-carousel-item splide__slide\"><div class=\"kadence-blocks-gallery-item\"><div class=\"kadence-blocks-gallery-item-inner\"><figure class=\"kb-gallery-figure kb-gallery-item-has-link kadence-blocks-gallery-item-hide-caption\"><a href=\"https:\/\/fassaadistuudio.ee\/wp-content\/uploads\/2024\/04\/14595722_1306597786039925_1183531205346220364_n_medium.jpg\" class=\"kb-gallery-item-link\"   role=\"button\" aria-haspopup=\"dialog\"><div class=\"kb-gal-image-radius\"><div class=\"kb-gallery-image-contain\" ><img loading=\"lazy\" decoding=\"async\" src=\"https:\/\/fassaadistuudio.ee\/wp-content\/uploads\/2024\/04\/14595722_1306597786039925_1183531205346220364_n_medium.jpg\" width=\"150\" height=\"113\" alt=\"\" data-full-image=\"https:\/\/fassaadistuudio.ee\/wp-content\/uploads\/2024\/04\/14595722_1306597786039925_1183531205346220364_n_medium.jpg\" data-light-image=\"https:\/\/fassaadistuudio.ee\/wp-content\/uploads\/2024\/04\/14595722_1306597786039925_1183531205346220364_n_medium.jpg\" data-id=\"254\" class=\"wp-image-254 skip-lazy\"\/><\/div><\/div><\/a><\/figure><\/div><\/div><\/li><li class=\"kb-slide-item kb-gallery-carousel-item splide__slide\"><div class=\"kadence-blocks-gallery-item\"><div class=\"kadence-blocks-gallery-item-inner\"><figure class=\"kb-gallery-figure kb-gallery-item-has-link kadence-blocks-gallery-item-hide-caption\"><a href=\"https:\/\/fassaadistuudio.ee\/wp-content\/uploads\/2024\/04\/IMG_6425_medium.jpg\" class=\"kb-gallery-item-link\"   role=\"button\" aria-haspopup=\"dialog\"><div class=\"kb-gal-image-radius\"><div class=\"kb-gallery-image-contain\" ><img loading=\"lazy\" decoding=\"async\" src=\"https:\/\/fassaadistuudio.ee\/wp-content\/uploads\/2024\/04\/IMG_6425_medium.jpg\" width=\"150\" height=\"113\" alt=\"\" data-full-image=\"https:\/\/fassaadistuudio.ee\/wp-content\/uploads\/2024\/04\/IMG_6425_medium.jpg\" data-light-image=\"https:\/\/fassaadistuudio.ee\/wp-content\/uploads\/2024\/04\/IMG_6425_medium.jpg\" data-id=\"263\" class=\"wp-image-263 skip-lazy\"\/><\/div><\/div><\/a><\/figure><\/div><\/div><\/li><li class=\"kb-slide-item kb-gallery-carousel-item splide__slide\"><div class=\"kadence-blocks-gallery-item\"><div class=\"kadence-blocks-gallery-item-inner\"><figure class=\"kb-gallery-figure kb-gallery-item-has-link kadence-blocks-gallery-item-hide-caption\"><a href=\"https:\/\/fassaadistuudio.ee\/wp-content\/uploads\/2024\/04\/424576024_709458871373012_6933639407216716466_n.jpg\" class=\"kb-gallery-item-link\"   role=\"button\" aria-haspopup=\"dialog\"><div class=\"kb-gal-image-radius\"><div class=\"kb-gallery-image-contain\" ><img loading=\"lazy\" decoding=\"async\" src=\"https:\/\/fassaadistuudio.ee\/wp-content\/uploads\/2024\/04\/424576024_709458871373012_6933639407216716466_n-768x1024.jpg\" width=\"768\" height=\"1024\" alt=\"\" data-full-image=\"https:\/\/fassaadistuudio.ee\/wp-content\/uploads\/2024\/04\/424576024_709458871373012_6933639407216716466_n.jpg\" data-light-image=\"https:\/\/fassaadistuudio.ee\/wp-content\/uploads\/2024\/04\/424576024_709458871373012_6933639407216716466_n.jpg\" data-id=\"310\" class=\"wp-image-310 skip-lazy\" srcset=\"https:\/\/fassaadistuudio.ee\/wp-content\/uploads\/2024\/04\/424576024_709458871373012_6933639407216716466_n-768x1024.jpg 768w, https:\/\/fassaadistuudio.ee\/wp-content\/uploads\/2024\/04\/424576024_709458871373012_6933639407216716466_n-225x300.jpg 225w, https:\/\/fassaadistuudio.ee\/wp-content\/uploads\/2024\/04\/424576024_709458871373012_6933639407216716466_n-1152x1536.jpg 1152w, https:\/\/fassaadistuudio.ee\/wp-content\/uploads\/2024\/04\/424576024_709458871373012_6933639407216716466_n-600x800.jpg 600w, https:\/\/fassaadistuudio.ee\/wp-content\/uploads\/2024\/04\/424576024_709458871373012_6933639407216716466_n.jpg 1536w\" sizes=\"auto, (max-width: 768px) 100vw, 768px\" \/><\/div><\/div><\/a><\/figure><\/div><\/div><\/li><li class=\"kb-slide-item kb-gallery-carousel-item splide__slide\"><div class=\"kadence-blocks-gallery-item\"><div class=\"kadence-blocks-gallery-item-inner\"><figure class=\"kb-gallery-figure kb-gallery-item-has-link kadence-blocks-gallery-item-hide-caption\"><a href=\"https:\/\/fassaadistuudio.ee\/wp-content\/uploads\/2024\/04\/unnamed-16-scaled.jpg\" data-alt=\"paigaldus\" class=\"kb-gallery-item-link\"   role=\"button\" aria-haspopup=\"dialog\"><div class=\"kb-gal-image-radius\"><div class=\"kb-gallery-image-contain\" ><img loading=\"lazy\" decoding=\"async\" src=\"https:\/\/fassaadistuudio.ee\/wp-content\/uploads\/2024\/04\/unnamed-16-1024x627.jpg\" width=\"1024\" height=\"627\" alt=\"paigaldus\" data-full-image=\"https:\/\/fassaadistuudio.ee\/wp-content\/uploads\/2024\/04\/unnamed-16-scaled.jpg\" data-light-image=\"https:\/\/fassaadistuudio.ee\/wp-content\/uploads\/2024\/04\/unnamed-16-scaled.jpg\" data-id=\"496\" class=\"wp-image-496 skip-lazy\" srcset=\"https:\/\/fassaadistuudio.ee\/wp-content\/uploads\/2024\/04\/unnamed-16-1024x627.jpg 1024w, https:\/\/fassaadistuudio.ee\/wp-content\/uploads\/2024\/04\/unnamed-16-300x184.jpg 300w, https:\/\/fassaadistuudio.ee\/wp-content\/uploads\/2024\/04\/unnamed-16-768x470.jpg 768w, https:\/\/fassaadistuudio.ee\/wp-content\/uploads\/2024\/04\/unnamed-16-1536x941.jpg 1536w, https:\/\/fassaadistuudio.ee\/wp-content\/uploads\/2024\/04\/unnamed-16-2048x1254.jpg 2048w, https:\/\/fassaadistuudio.ee\/wp-content\/uploads\/2024\/04\/unnamed-16-600x367.jpg 600w\" sizes=\"auto, (max-width: 1024px) 100vw, 1024px\" \/><\/div><\/div><\/a><\/figure><\/div><\/div><\/li><li class=\"kb-slide-item kb-gallery-carousel-item splide__slide\"><div class=\"kadence-blocks-gallery-item\"><div class=\"kadence-blocks-gallery-item-inner\"><figure class=\"kb-gallery-figure kb-gallery-item-has-link kadence-blocks-gallery-item-hide-caption\"><a href=\"https:\/\/fassaadistuudio.ee\/wp-content\/uploads\/2025\/05\/download-1.jpg\" class=\"kb-gallery-item-link\"   role=\"button\" aria-haspopup=\"dialog\"><div class=\"kb-gal-image-radius\"><div class=\"kb-gallery-image-contain\" ><img loading=\"lazy\" decoding=\"async\" src=\"https:\/\/fassaadistuudio.ee\/wp-content\/uploads\/2025\/05\/download-1-1024x1024.jpg\" width=\"1024\" height=\"1024\" alt=\"\" data-full-image=\"https:\/\/fassaadistuudio.ee\/wp-content\/uploads\/2025\/05\/download-1.jpg\" data-light-image=\"https:\/\/fassaadistuudio.ee\/wp-content\/uploads\/2025\/05\/download-1.jpg\" data-id=\"1833\" class=\"wp-image-1833 skip-lazy\" srcset=\"https:\/\/fassaadistuudio.ee\/wp-content\/uploads\/2025\/05\/download-1-1024x1024.jpg 1024w, https:\/\/fassaadistuudio.ee\/wp-content\/uploads\/2025\/05\/download-1-300x300.jpg 300w, https:\/\/fassaadistuudio.ee\/wp-content\/uploads\/2025\/05\/download-1-150x150.jpg 150w, https:\/\/fassaadistuudio.ee\/wp-content\/uploads\/2025\/05\/download-1-768x768.jpg 768w, https:\/\/fassaadistuudio.ee\/wp-content\/uploads\/2025\/05\/download-1-1536x1536.jpg 1536w, https:\/\/fassaadistuudio.ee\/wp-content\/uploads\/2025\/05\/download-1-12x12.jpg 12w, https:\/\/fassaadistuudio.ee\/wp-content\/uploads\/2025\/05\/download-1.jpg 2048w\" sizes=\"auto, (max-width: 1024px) 100vw, 1024px\" \/><\/div><\/div><\/a><\/figure><\/div><\/div><\/li><\/ul><\/div><\/div><\/div><\/div>\n\n\n<div class=\"wp-block-buttons is-layout-flex wp-block-buttons-is-layout-flex\">\n<div class=\"wp-block-button\"><a class=\"wp-block-button__link wp-element-button\" href=\"https:\/\/fassaadistuudio.ee\/en\/kontakt\/\">Contact us<\/a><\/div>\n\n\n\n<div class=\"wp-block-button popmake-1269\"><a class=\"wp-block-button__link wp-element-button\">Make an enquiry<\/a><\/div>\n\n\n\n<div class=\"wp-block-button\"><a class=\"wp-block-button__link wp-element-button\" href=\"https:\/\/fassaadistuudio.ee\/en\/category\/blogging\/\">View references<\/a><\/div>\n<\/div>\n\n\n\n<p><\/p>","protected":false},"excerpt":{"rendered":"<p>Pakume k\u00f5ikidele meie poolt pakutavatele materjalidele ka paigaldust. Meie meeskonnal on \u00fcle 10 aastane kogemus erinevate ventileeritavate fassaadide ehitusel. Pakume fassaadiplaatide freesimisteenust kuni 6m t\u00f6\u00f6ulatusega CNC pingis. Meie k\u00e4est on v\u00f5imalik rentida erinevaid t\u00f6\u00f6riistu fassaadide ehituseks:<\/p>","protected":false},"author":1,"featured_media":0,"parent":14,"menu_order":0,"comment_status":"closed","ping_status":"closed","template":"","meta":{"_kadence_starter_templates_imported_post":false,"_kad_post_transparent":"","_kad_post_title":"","_kad_post_layout":"","_kad_post_sidebar_id":"","_kad_post_content_style":"","_kad_post_vertical_padding":"","_kad_post_feature":"","_kad_post_feature_position":"","_kad_post_header":false,"_kad_post_footer":false,"_kad_post_classname":"","footnotes":""},"class_list":["post-430","page","type-page","status-publish","hentry"],"yoast_head":"<!-- This site is optimized with the Yoast SEO plugin v27.3 - https:\/\/yoast.com\/product\/yoast-seo-wordpress\/ -->\n<title>Paigaldus - Fassaadistuudio<\/title>\n<meta name=\"description\" content=\"Pakume meie poolt m\u00fc\u00fcdavatele materjalidele paigaldust. Meie meeskonnal on \u00fcle 10 aastane kogemus erinevate ventileeritavate fassaadide ehitusel.\" \/>\n<meta name=\"robots\" content=\"index, follow, max-snippet:-1, max-image-preview:large, max-video-preview:-1\" \/>\n<link rel=\"canonical\" href=\"https:\/\/fassaadistuudio.ee\/en\/tooted\/paigaldusteenused\/\" \/>\n<meta property=\"og:locale\" content=\"en_GB\" \/>\n<meta property=\"og:type\" content=\"article\" \/>\n<meta property=\"og:title\" content=\"Paigaldus - Fassaadistuudio\" \/>\n<meta property=\"og:description\" content=\"Pakume meie poolt m\u00fc\u00fcdavatele materjalidele paigaldust. Meie meeskonnal on \u00fcle 10 aastane kogemus erinevate ventileeritavate fassaadide ehitusel.\" \/>\n<meta property=\"og:url\" content=\"https:\/\/fassaadistuudio.ee\/en\/tooted\/paigaldusteenused\/\" \/>\n<meta property=\"og:site_name\" content=\"Fassaadistuudio\" \/>\n<meta property=\"article:modified_time\" content=\"2025-05-03T15:07:55+00:00\" \/>\n<meta name=\"twitter:card\" content=\"summary_large_image\" \/>\n<meta name=\"twitter:label1\" content=\"Estimated reading time\" \/>\n\t<meta name=\"twitter:data1\" content=\"1 minute\" \/>\n<script type=\"application\/ld+json\" class=\"yoast-schema-graph\">{\"@context\":\"https:\\\/\\\/schema.org\",\"@graph\":[{\"@type\":[\"WebPage\",\"ItemPage\"],\"@id\":\"https:\\\/\\\/fassaadistuudio.ee\\\/tooted\\\/paigaldusteenused\\\/\",\"url\":\"https:\\\/\\\/fassaadistuudio.ee\\\/tooted\\\/paigaldusteenused\\\/\",\"name\":\"Paigaldus - Fassaadistuudio\",\"isPartOf\":{\"@id\":\"https:\\\/\\\/fassaadistuudio.ee\\\/#website\"},\"datePublished\":\"2024-04-09T10:24:05+00:00\",\"dateModified\":\"2025-05-03T15:07:55+00:00\",\"description\":\"Pakume meie poolt m\u00fc\u00fcdavatele materjalidele paigaldust. Meie meeskonnal on \u00fcle 10 aastane kogemus erinevate ventileeritavate fassaadide ehitusel.\",\"breadcrumb\":{\"@id\":\"https:\\\/\\\/fassaadistuudio.ee\\\/tooted\\\/paigaldusteenused\\\/#breadcrumb\"},\"inLanguage\":\"en-GB\",\"potentialAction\":[{\"@type\":\"ReadAction\",\"target\":[\"https:\\\/\\\/fassaadistuudio.ee\\\/tooted\\\/paigaldusteenused\\\/\"]}]},{\"@type\":\"BreadcrumbList\",\"@id\":\"https:\\\/\\\/fassaadistuudio.ee\\\/tooted\\\/paigaldusteenused\\\/#breadcrumb\",\"itemListElement\":[{\"@type\":\"ListItem\",\"position\":1,\"name\":\"Home\",\"item\":\"https:\\\/\\\/fassaadistuudio.ee\\\/\"},{\"@type\":\"ListItem\",\"position\":2,\"name\":\"Tooted\",\"item\":\"https:\\\/\\\/fassaadistuudio.ee\\\/tooted\\\/\"},{\"@type\":\"ListItem\",\"position\":3,\"name\":\"Paigaldus\"}]},{\"@type\":\"WebSite\",\"@id\":\"https:\\\/\\\/fassaadistuudio.ee\\\/#website\",\"url\":\"https:\\\/\\\/fassaadistuudio.ee\\\/\",\"name\":\"Fassaadistuudio\",\"description\":\"Fassaadistuudio O&Uuml;\",\"publisher\":{\"@id\":\"https:\\\/\\\/fassaadistuudio.ee\\\/#organization\"},\"potentialAction\":[{\"@type\":\"SearchAction\",\"target\":{\"@type\":\"EntryPoint\",\"urlTemplate\":\"https:\\\/\\\/fassaadistuudio.ee\\\/?s={search_term_string}\"},\"query-input\":{\"@type\":\"PropertyValueSpecification\",\"valueRequired\":true,\"valueName\":\"search_term_string\"}}],\"inLanguage\":\"en-GB\"},{\"@type\":\"Organization\",\"@id\":\"https:\\\/\\\/fassaadistuudio.ee\\\/#organization\",\"name\":\"Fassaadistuudio\",\"url\":\"https:\\\/\\\/fassaadistuudio.ee\\\/\",\"logo\":{\"@type\":\"ImageObject\",\"inLanguage\":\"en-GB\",\"@id\":\"https:\\\/\\\/fassaadistuudio.ee\\\/#\\\/schema\\\/logo\\\/image\\\/\",\"url\":\"https:\\\/\\\/fassaadistuudio.ee\\\/wp-content\\\/uploads\\\/2024\\\/04\\\/cropped-cropped-logo_transparent-1-1.png\",\"contentUrl\":\"https:\\\/\\\/fassaadistuudio.ee\\\/wp-content\\\/uploads\\\/2024\\\/04\\\/cropped-cropped-logo_transparent-1-1.png\",\"width\":599,\"height\":598,\"caption\":\"Fassaadistuudio\"},\"image\":{\"@id\":\"https:\\\/\\\/fassaadistuudio.ee\\\/#\\\/schema\\\/logo\\\/image\\\/\"}}]}<\/script>\n<!-- \/ Yoast SEO plugin. -->","yoast_head_json":{"title":"Paigaldus - Fassaadistuudio","description":"Pakume meie poolt m\u00fc\u00fcdavatele materjalidele paigaldust. Meie meeskonnal on \u00fcle 10 aastane kogemus erinevate ventileeritavate fassaadide ehitusel.","robots":{"index":"index","follow":"follow","max-snippet":"max-snippet:-1","max-image-preview":"max-image-preview:large","max-video-preview":"max-video-preview:-1"},"canonical":"https:\/\/fassaadistuudio.ee\/en\/tooted\/paigaldusteenused\/","og_locale":"en_GB","og_type":"article","og_title":"Paigaldus - Fassaadistuudio","og_description":"Pakume meie poolt m\u00fc\u00fcdavatele materjalidele paigaldust. Meie meeskonnal on \u00fcle 10 aastane kogemus erinevate ventileeritavate fassaadide ehitusel.","og_url":"https:\/\/fassaadistuudio.ee\/en\/tooted\/paigaldusteenused\/","og_site_name":"Fassaadistuudio","article_modified_time":"2025-05-03T15:07:55+00:00","twitter_card":"summary_large_image","twitter_misc":{"Estimated reading time":"1 minute"},"schema":{"@context":"https:\/\/schema.org","@graph":[{"@type":["WebPage","ItemPage"],"@id":"https:\/\/fassaadistuudio.ee\/tooted\/paigaldusteenused\/","url":"https:\/\/fassaadistuudio.ee\/tooted\/paigaldusteenused\/","name":"Paigaldus - Fassaadistuudio","isPartOf":{"@id":"https:\/\/fassaadistuudio.ee\/#website"},"datePublished":"2024-04-09T10:24:05+00:00","dateModified":"2025-05-03T15:07:55+00:00","description":"Pakume meie poolt m\u00fc\u00fcdavatele materjalidele paigaldust. Meie meeskonnal on \u00fcle 10 aastane kogemus erinevate ventileeritavate fassaadide ehitusel.","breadcrumb":{"@id":"https:\/\/fassaadistuudio.ee\/tooted\/paigaldusteenused\/#breadcrumb"},"inLanguage":"en-GB","potentialAction":[{"@type":"ReadAction","target":["https:\/\/fassaadistuudio.ee\/tooted\/paigaldusteenused\/"]}]},{"@type":"BreadcrumbList","@id":"https:\/\/fassaadistuudio.ee\/tooted\/paigaldusteenused\/#breadcrumb","itemListElement":[{"@type":"ListItem","position":1,"name":"Home","item":"https:\/\/fassaadistuudio.ee\/"},{"@type":"ListItem","position":2,"name":"Tooted","item":"https:\/\/fassaadistuudio.ee\/tooted\/"},{"@type":"ListItem","position":3,"name":"Paigaldus"}]},{"@type":"WebSite","@id":"https:\/\/fassaadistuudio.ee\/#website","url":"https:\/\/fassaadistuudio.ee\/","name":"Fassaadistuudio","description":"Fassaadistuudio O&Uuml;","publisher":{"@id":"https:\/\/fassaadistuudio.ee\/#organization"},"potentialAction":[{"@type":"SearchAction","target":{"@type":"EntryPoint","urlTemplate":"https:\/\/fassaadistuudio.ee\/?s={search_term_string}"},"query-input":{"@type":"PropertyValueSpecification","valueRequired":true,"valueName":"search_term_string"}}],"inLanguage":"en-GB"},{"@type":"Organization","@id":"https:\/\/fassaadistuudio.ee\/#organization","name":"Fassaadistuudio","url":"https:\/\/fassaadistuudio.ee\/","logo":{"@type":"ImageObject","inLanguage":"en-GB","@id":"https:\/\/fassaadistuudio.ee\/#\/schema\/logo\/image\/","url":"https:\/\/fassaadistuudio.ee\/wp-content\/uploads\/2024\/04\/cropped-cropped-logo_transparent-1-1.png","contentUrl":"https:\/\/fassaadistuudio.ee\/wp-content\/uploads\/2024\/04\/cropped-cropped-logo_transparent-1-1.png","width":599,"height":598,"caption":"Fassaadistuudio"},"image":{"@id":"https:\/\/fassaadistuudio.ee\/#\/schema\/logo\/image\/"}}]}},"_links":{"self":[{"href":"https:\/\/fassaadistuudio.ee\/en\/wp-json\/wp\/v2\/pages\/430","targetHints":{"allow":["GET"]}}],"collection":[{"href":"https:\/\/fassaadistuudio.ee\/en\/wp-json\/wp\/v2\/pages"}],"about":[{"href":"https:\/\/fassaadistuudio.ee\/en\/wp-json\/wp\/v2\/types\/page"}],"author":[{"embeddable":true,"href":"https:\/\/fassaadistuudio.ee\/en\/wp-json\/wp\/v2\/users\/1"}],"replies":[{"embeddable":true,"href":"https:\/\/fassaadistuudio.ee\/en\/wp-json\/wp\/v2\/comments?post=430"}],"version-history":[{"count":13,"href":"https:\/\/fassaadistuudio.ee\/en\/wp-json\/wp\/v2\/pages\/430\/revisions"}],"predecessor-version":[{"id":1835,"href":"https:\/\/fassaadistuudio.ee\/en\/wp-json\/wp\/v2\/pages\/430\/revisions\/1835"}],"up":[{"embeddable":true,"href":"https:\/\/fassaadistuudio.ee\/en\/wp-json\/wp\/v2\/pages\/14"}],"wp:attachment":[{"href":"https:\/\/fassaadistuudio.ee\/en\/wp-json\/wp\/v2\/media?parent=430"}],"curies":[{"name":"wp","href":"https:\/\/api.w.org\/{rel}","templated":true}]}}