{"id":418,"date":"2024-04-09T10:20:33","date_gmt":"2024-04-09T10:20:33","guid":{"rendered":"https:\/\/fassaadistuudio.ee\/?page_id=418"},"modified":"2025-06-17T10:49:50","modified_gmt":"2025-06-17T10:49:50","slug":"pealtvarvitud-tsementkiudplaadid","status":"publish","type":"page","link":"https:\/\/fassaadistuudio.ee\/en\/tooted\/pealtvarvitud-tsementkiudplaadid\/","title":{"rendered":"Surface-painted fiber cement boards"},"content":{"rendered":"<style>.kb-row-layout-wrap.wp-block-kadence-rowlayout.kb-row-layout-id418_bdd88f-00{margin-top:0px;margin-bottom:0px;}.kb-row-layout-id418_bdd88f-00 > .kt-row-column-wrap{align-content:start;}:where(.kb-row-layout-id418_bdd88f-00 > .kt-row-column-wrap) > .wp-block-kadence-column{justify-content:start;}.kb-row-layout-id418_bdd88f-00 > .kt-row-column-wrap{column-gap:var(--global-kb-gap-none, 0rem );row-gap:var(--global-kb-gap-md, 2rem);max-width:var( --global-content-width, 1290px );padding-left:var(--global-content-edge-padding);padding-right:var(--global-content-edge-padding);padding-top:92px;padding-bottom:54px;grid-template-columns:minmax(0, 2fr) minmax(0, 1fr);}.kb-row-layout-id418_bdd88f-00{background-image:url('https:\/\/fassaadistuudio.ee\/wp-content\/uploads\/2024\/04\/header21.jpg');background-size:cover;background-position:69% 38%;background-attachment:scroll;background-repeat:no-repeat;}.kb-row-layout-id418_bdd88f-00 > .kt-row-layout-overlay{opacity:0.55;background-color:var(--global-palette1, #3182CE);}@media all and (max-width: 1024px){.kb-row-layout-id418_bdd88f-00 > .kt-row-column-wrap{padding-top:var(--global-kb-spacing-4xl, 8rem);padding-bottom:var(--global-kb-spacing-md, 2rem);grid-template-columns:minmax(0, 2fr) minmax(0, 1fr);}}@media all and (max-width: 767px){.kb-row-layout-id418_bdd88f-00 > .kt-row-column-wrap{grid-template-columns:minmax(0, 1fr);}}<\/style><div class=\"kb-row-layout-wrap kb-row-layout-id418_bdd88f-00 alignfull kt-row-has-bg wp-block-kadence-rowlayout\"><div class=\"kt-row-layout-overlay kt-row-overlay-normal\"><\/div><div class=\"kt-row-column-wrap kt-has-2-columns kt-row-layout-left-golden kt-tab-layout-inherit kt-mobile-layout-row kt-row-valign-top kb-theme-content-width\">\n<style>.kadence-column418_8dc042-af > .kt-inside-inner-col,.kadence-column418_8dc042-af > .kt-inside-inner-col:before{border-top-left-radius:0px;border-top-right-radius:0px;border-bottom-right-radius:0px;border-bottom-left-radius:0px;}.kadence-column418_8dc042-af > .kt-inside-inner-col{column-gap:var(--global-kb-gap-sm, 1rem);}.kadence-column418_8dc042-af > .kt-inside-inner-col{flex-direction:column;}.kadence-column418_8dc042-af > .kt-inside-inner-col > .aligncenter{width:100%;}.kadence-column418_8dc042-af > .kt-inside-inner-col:before{opacity:0.3;}.kadence-column418_8dc042-af{position:relative;}@media all and (max-width: 1024px){.kadence-column418_8dc042-af > .kt-inside-inner-col{flex-direction:column;justify-content:center;}}@media all and (max-width: 767px){.kadence-column418_8dc042-af > .kt-inside-inner-col{flex-direction:column;justify-content:center;}}<\/style>\n<div class=\"wp-block-kadence-column kadence-column418_8dc042-af inner-column-1\"><div class=\"kt-inside-inner-col\"><style>.wp-block-kadence-advancedheading.kt-adv-heading418_4adef9-d0, .wp-block-kadence-advancedheading.kt-adv-heading418_4adef9-d0[data-kb-block=\"kb-adv-heading418_4adef9-d0\"]{font-size:60px;line-height:1.1;font-style:normal;letter-spacing:-2px;}.wp-block-kadence-advancedheading.kt-adv-heading418_4adef9-d0 mark.kt-highlight, .wp-block-kadence-advancedheading.kt-adv-heading418_4adef9-d0[data-kb-block=\"kb-adv-heading418_4adef9-d0\"] mark.kt-highlight{font-style:normal;color:#f76a0c;-webkit-box-decoration-break:clone;box-decoration-break:clone;padding-top:0px;padding-right:0px;padding-bottom:0px;padding-left:0px;}.wp-block-kadence-advancedheading.kt-adv-heading418_4adef9-d0 img.kb-inline-image, .wp-block-kadence-advancedheading.kt-adv-heading418_4adef9-d0[data-kb-block=\"kb-adv-heading418_4adef9-d0\"] img.kb-inline-image{width:150px;vertical-align:baseline;}@media all and (max-width: 1024px){.wp-block-kadence-advancedheading.kt-adv-heading418_4adef9-d0, .wp-block-kadence-advancedheading.kt-adv-heading418_4adef9-d0[data-kb-block=\"kb-adv-heading418_4adef9-d0\"]{letter-spacing:-1px;font-size:var(--global-kb-font-size-xxl, 4rem);line-height:1.3;}}@media all and (max-width: 767px){.wp-block-kadence-advancedheading.kt-adv-heading418_4adef9-d0, .wp-block-kadence-advancedheading.kt-adv-heading418_4adef9-d0[data-kb-block=\"kb-adv-heading418_4adef9-d0\"]{font-size:45px;}}<\/style>\n<h1 class=\"kt-adv-heading418_4adef9-d0 wp-block-kadence-advancedheading has-theme-palette-9-color has-text-color\" data-kb-block=\"kb-adv-heading418_4adef9-d0\">Pealtv\u00e4rvitud kiudtsementplaadid<\/h1>\n<\/div><\/div>\n\n\n<style>.kadence-column418_da36a0-47 > .kt-inside-inner-col,.kadence-column418_da36a0-47 > .kt-inside-inner-col:before{border-top-left-radius:0px;border-top-right-radius:0px;border-bottom-right-radius:0px;border-bottom-left-radius:0px;}.kadence-column418_da36a0-47 > .kt-inside-inner-col{column-gap:var(--global-kb-gap-sm, 1rem);}.kadence-column418_da36a0-47 > .kt-inside-inner-col{flex-direction:column;}.kadence-column418_da36a0-47 > .kt-inside-inner-col > .aligncenter{width:100%;}.kadence-column418_da36a0-47 > .kt-inside-inner-col:before{opacity:0.3;}.kadence-column418_da36a0-47{position:relative;}@media all and (max-width: 1024px){.kadence-column418_da36a0-47 > .kt-inside-inner-col{flex-direction:column;justify-content:center;}}@media all and (max-width: 767px){.kadence-column418_da36a0-47 > .kt-inside-inner-col{flex-direction:column;justify-content:center;}}<\/style>\n<div class=\"wp-block-kadence-column kadence-column418_da36a0-47 inner-column-2\"><div class=\"kt-inside-inner-col\"><\/div><\/div>\n\n<\/div><\/div>\n\n\n<p><\/p>\n\n\n\n<p>COLOR tsementkiud fassaadiplaadid on spetsiaalse t\u00f6\u00f6stusliku v\u00e4rviga v\u00e4rvitud sileda v\u00f5i struktuurse pinnaga fassaadi- ja sokliplaadid. Alusmaterjalina on kasutatud tsementkiudplaati. COLOR plaadtide maksimaalne laiusm\u00f5\u00f5t on 1250mm ja maksimaalne pikkusm\u00f5\u00f5t on 3200mm. Enimlevinud plaadi paksus on 8, 10 ja 12 mm. Soovi korral on v\u00f5imalik plaadid l\u00f5igata tehases vajalikku m\u00f5\u00f5tu.<\/p>\n\n\n\n<p>COLOR plaatide v\u00e4rvitoonide valik on lai. COLOR plaatide v\u00e4rvitoone saab valida RAL, NCS v\u00f5i kokkuleppel m\u00f5ne muu kataloogi<br>v\u00e4rvivalikust.<\/p>\n\n\n\n<p>COLOR fassaadiplaatide kasutuskohad on:<\/p>\n\n\n\n<ul class=\"wp-block-list\">\n<li>V\u00e4ikeelamud<\/li>\n\n\n\n<li>B\u00fcroohooned<\/li>\n\n\n\n<li>T\u00f6\u00f6stus- ja laohooned<\/li>\n\n\n\n<li>Koolimajad ja lasteaiad<\/li>\n\n\n\n<li>Fassaadid<\/li>\n\n\n\n<li>R\u00f5dupiirded<\/li>\n\n\n\n<li>Soklid ja vundamendikatted<\/li>\n\n\n\n<li>M\u00fcrat\u00f5kke seinad<\/li>\n<\/ul>\n\n\n<style>.kb-gallery-id-418_ef19f2-f8.kb-gallery-ul.kb-gallery-type-fluidcarousel .kt-blocks-carousel figure .kb-gal-image-radius, .kb-gallery-id-418_ef19f2-f8.kb-gallery-ul.kb-gallery-type-fluidcarousel .kt-blocks-carousel figure .kb-gal-image-radius img{height:205px;}.kb-gallery-id-418_ef19f2-f8 .kadence-blocks-gallery-item .kb-gal-image-radius, .kb-gallery-id-418_ef19f2-f8 .kb-slide-item .kb-gal-image-radius img{border-radius:0px 0px 0px 0px;;}.kb-gallery-wrap-id-418_ef19f2-f8.wp-block-kadence-advancedgallery{overflow:visible;}.kb-gallery-wrap-id-418_ef19f2-f8.wp-block-kadence-advancedgallery .kt-blocks-carousel{overflow:visible;max-width:100%;}<\/style><div class=\"kb-gallery-wrap-id-418_ef19f2-f8 alignnone wp-block-kadence-advancedgallery\"><div class=\"kb-gallery-ul kb-gallery-non-static kb-gallery-type-fluidcarousel kb-gallery-id-418_ef19f2-f8 kb-gallery-caption-style-bottom-hover kb-gallery-filter-none kb-gallery-magnific-init\" data-image-filter=\"none\" data-lightbox-caption=\"true\"><div class=\"kt-blocks-carousel splide kt-carousel-container-dotstyle-dark kt-carousel-arrowstyle-whiteondark kt-carousel-dotstyle-dark kb-slider-group-arrow kb-slider-arrow-position-center\" data-slider-anim-speed=\"400\" data-slider-scroll=\"1\" data-slider-arrows=\"true\" data-slider-dots=\"true\" data-slider-hover-pause=\"false\" data-slider-auto=\"\" data-slider-speed=\"7000\" data-slider-type=\"fluidcarousel\" data-slider-center-mode=\"true\" data-slider-gap=\"10px\" data-slider-gap-tablet=\"10px\" data-slider-gap-mobile=\"10px\" data-show-pause-button=\"false\"><div class=\"splide__track\"><ul class=\"kt-blocks-carousel-init kb-blocks-fluid-carousel splide__list\"><li class=\"kb-slide-item kb-gallery-carousel-item splide__slide\"><div class=\"kadence-blocks-gallery-item\"><div class=\"kadence-blocks-gallery-item-inner\"><figure class=\"kb-gallery-figure kb-gallery-item-has-link kadence-blocks-gallery-item-hide-caption\"><a href=\"https:\/\/fassaadistuudio.ee\/wp-content\/uploads\/2024\/04\/dsc04232.jpg\" class=\"kb-gallery-item-link\"   role=\"button\" aria-haspopup=\"dialog\"><div class=\"kb-gal-image-radius\"><div class=\"kb-gallery-image-contain\" ><img loading=\"lazy\" decoding=\"async\" src=\"https:\/\/fassaadistuudio.ee\/wp-content\/uploads\/2024\/04\/dsc04232.jpg\" width=\"270\" height=\"180\" alt=\"\" data-full-image=\"https:\/\/fassaadistuudio.ee\/wp-content\/uploads\/2024\/04\/dsc04232.jpg\" data-light-image=\"https:\/\/fassaadistuudio.ee\/wp-content\/uploads\/2024\/04\/dsc04232.jpg\" data-id=\"583\" class=\"wp-image-583 skip-lazy\"\/><\/div><\/div><\/a><\/figure><\/div><\/div><\/li><li class=\"kb-slide-item kb-gallery-carousel-item splide__slide\"><div class=\"kadence-blocks-gallery-item\"><div class=\"kadence-blocks-gallery-item-inner\"><figure class=\"kb-gallery-figure kb-gallery-item-has-link kadence-blocks-gallery-item-hide-caption\"><a href=\"https:\/\/fassaadistuudio.ee\/wp-content\/uploads\/2024\/04\/dsc06244.jpg\" class=\"kb-gallery-item-link\"   role=\"button\" aria-haspopup=\"dialog\"><div class=\"kb-gal-image-radius\"><div class=\"kb-gallery-image-contain\" ><img loading=\"lazy\" decoding=\"async\" src=\"https:\/\/fassaadistuudio.ee\/wp-content\/uploads\/2024\/04\/dsc06244.jpg\" width=\"270\" height=\"180\" alt=\"\" data-full-image=\"https:\/\/fassaadistuudio.ee\/wp-content\/uploads\/2024\/04\/dsc06244.jpg\" data-light-image=\"https:\/\/fassaadistuudio.ee\/wp-content\/uploads\/2024\/04\/dsc06244.jpg\" data-id=\"584\" class=\"wp-image-584 skip-lazy\"\/><\/div><\/div><\/a><\/figure><\/div><\/div><\/li><li class=\"kb-slide-item kb-gallery-carousel-item splide__slide\"><div class=\"kadence-blocks-gallery-item\"><div class=\"kadence-blocks-gallery-item-inner\"><figure class=\"kb-gallery-figure kb-gallery-item-has-link kadence-blocks-gallery-item-hide-caption\"><a href=\"https:\/\/fassaadistuudio.ee\/wp-content\/uploads\/2024\/04\/dsc06880.jpg\" class=\"kb-gallery-item-link\"   role=\"button\" aria-haspopup=\"dialog\"><div class=\"kb-gal-image-radius\"><div class=\"kb-gallery-image-contain\" ><img loading=\"lazy\" decoding=\"async\" src=\"https:\/\/fassaadistuudio.ee\/wp-content\/uploads\/2024\/04\/dsc06880.jpg\" width=\"270\" height=\"180\" alt=\"\" data-full-image=\"https:\/\/fassaadistuudio.ee\/wp-content\/uploads\/2024\/04\/dsc06880.jpg\" data-light-image=\"https:\/\/fassaadistuudio.ee\/wp-content\/uploads\/2024\/04\/dsc06880.jpg\" data-id=\"585\" class=\"wp-image-585 skip-lazy\"\/><\/div><\/div><\/a><\/figure><\/div><\/div><\/li><li class=\"kb-slide-item kb-gallery-carousel-item splide__slide\"><div class=\"kadence-blocks-gallery-item\"><div class=\"kadence-blocks-gallery-item-inner\"><figure class=\"kb-gallery-figure kb-gallery-item-has-link kadence-blocks-gallery-item-hide-caption\"><a href=\"https:\/\/fassaadistuudio.ee\/wp-content\/uploads\/2024\/04\/header11.jpg\" class=\"kb-gallery-item-link\"   role=\"button\" aria-haspopup=\"dialog\"><div class=\"kb-gal-image-radius\"><div class=\"kb-gallery-image-contain\" ><img loading=\"lazy\" decoding=\"async\" src=\"https:\/\/fassaadistuudio.ee\/wp-content\/uploads\/2024\/04\/header11.jpg\" width=\"270\" height=\"180\" alt=\"\" data-full-image=\"https:\/\/fassaadistuudio.ee\/wp-content\/uploads\/2024\/04\/header11.jpg\" data-light-image=\"https:\/\/fassaadistuudio.ee\/wp-content\/uploads\/2024\/04\/header11.jpg\" data-id=\"586\" class=\"wp-image-586 skip-lazy\"\/><\/div><\/div><\/a><\/figure><\/div><\/div><\/li><li class=\"kb-slide-item kb-gallery-carousel-item splide__slide\"><div class=\"kadence-blocks-gallery-item\"><div class=\"kadence-blocks-gallery-item-inner\"><figure class=\"kb-gallery-figure kb-gallery-item-has-link kadence-blocks-gallery-item-hide-caption\"><a href=\"https:\/\/fassaadistuudio.ee\/wp-content\/uploads\/2024\/04\/header21.jpg\" class=\"kb-gallery-item-link\"   role=\"button\" aria-haspopup=\"dialog\"><div class=\"kb-gal-image-radius\"><div class=\"kb-gallery-image-contain\" ><img loading=\"lazy\" decoding=\"async\" src=\"https:\/\/fassaadistuudio.ee\/wp-content\/uploads\/2024\/04\/header21.jpg\" width=\"270\" height=\"180\" alt=\"\" data-full-image=\"https:\/\/fassaadistuudio.ee\/wp-content\/uploads\/2024\/04\/header21.jpg\" data-light-image=\"https:\/\/fassaadistuudio.ee\/wp-content\/uploads\/2024\/04\/header21.jpg\" data-id=\"587\" class=\"wp-image-587 skip-lazy\"\/><\/div><\/div><\/a><\/figure><\/div><\/div><\/li><li class=\"kb-slide-item kb-gallery-carousel-item splide__slide\"><div class=\"kadence-blocks-gallery-item\"><div class=\"kadence-blocks-gallery-item-inner\"><figure class=\"kb-gallery-figure kb-gallery-item-has-link kadence-blocks-gallery-item-hide-caption\"><a href=\"https:\/\/fassaadistuudio.ee\/wp-content\/uploads\/2024\/04\/header71.jpg\" class=\"kb-gallery-item-link\"   role=\"button\" aria-haspopup=\"dialog\"><div class=\"kb-gal-image-radius\"><div class=\"kb-gallery-image-contain\" ><img loading=\"lazy\" decoding=\"async\" src=\"https:\/\/fassaadistuudio.ee\/wp-content\/uploads\/2024\/04\/header71.jpg\" width=\"270\" height=\"180\" alt=\"\" data-full-image=\"https:\/\/fassaadistuudio.ee\/wp-content\/uploads\/2024\/04\/header71.jpg\" data-light-image=\"https:\/\/fassaadistuudio.ee\/wp-content\/uploads\/2024\/04\/header71.jpg\" data-id=\"588\" class=\"wp-image-588 skip-lazy\"\/><\/div><\/div><\/a><\/figure><\/div><\/div><\/li><\/ul><\/div><\/div><\/div><\/div>\n\n\n<div class=\"wp-block-buttons is-layout-flex wp-block-buttons-is-layout-flex\">\n<div class=\"wp-block-button\"><a class=\"wp-block-button__link wp-element-button\" href=\"https:\/\/fassaadistuudio.ee\/kontakt\/\">V\u00f5ta \u00fchendust<\/a><\/div>\n\n\n\n<div class=\"wp-block-button popmake-1269\"><a class=\"wp-block-button__link wp-element-button\">Tee p\u00e4ring<\/a><\/div>\n<\/div>\n\n\n\n<p><\/p>\n","protected":false},"excerpt":{"rendered":"<p>Pealtv\u00e4rvitud kiudtsementplaadid COLOR tsementkiud fassaadiplaadid on spetsiaalse t\u00f6\u00f6stusliku v\u00e4rviga v\u00e4rvitud sileda v\u00f5i struktuurse pinnaga fassaadi- ja sokliplaadid. Alusmaterjalina on kasutatud tsementkiudplaati. COLOR plaadtide maksimaalne laiusm\u00f5\u00f5t on 1250mm ja maksimaalne pikkusm\u00f5\u00f5t on 3200mm. Enimlevinud plaadi paksus on 8, 10 ja 12 mm. Soovi korral on v\u00f5imalik plaadid l\u00f5igata tehases vajalikku m\u00f5\u00f5tu. COLOR plaatide v\u00e4rvitoonide valik on&#8230;<\/p>","protected":false},"author":1,"featured_media":500,"parent":14,"menu_order":0,"comment_status":"closed","ping_status":"closed","template":"","meta":{"_kadence_starter_templates_imported_post":false,"_kad_post_transparent":"","_kad_post_title":"hide","_kad_post_layout":"","_kad_post_sidebar_id":"","_kad_post_content_style":"","_kad_post_vertical_padding":"bottom","_kad_post_feature":"","_kad_post_feature_position":"","_kad_post_header":false,"_kad_post_footer":false,"_kad_post_classname":"","footnotes":""},"class_list":["post-418","page","type-page","status-publish","has-post-thumbnail","hentry"],"yoast_head":"<!-- This site is optimized with the Yoast SEO plugin v27.3 - https:\/\/yoast.com\/product\/yoast-seo-wordpress\/ -->\n<title>Pealtv\u00e4rvitud kiudtsementplaadid - Fassaadistuudio<\/title>\n<meta name=\"robots\" content=\"index, follow, max-snippet:-1, max-image-preview:large, max-video-preview:-1\" \/>\n<link rel=\"canonical\" href=\"https:\/\/fassaadistuudio.ee\/en\/tooted\/pealtvarvitud-tsementkiudplaadid\/\" \/>\n<meta property=\"og:locale\" content=\"en_GB\" \/>\n<meta property=\"og:type\" content=\"article\" \/>\n<meta property=\"og:title\" content=\"Pealtv\u00e4rvitud kiudtsementplaadid - Fassaadistuudio\" \/>\n<meta property=\"og:description\" content=\"Pealtv\u00e4rvitud kiudtsementplaadid COLOR tsementkiud fassaadiplaadid on spetsiaalse t\u00f6\u00f6stusliku v\u00e4rviga v\u00e4rvitud sileda v\u00f5i struktuurse pinnaga fassaadi- ja sokliplaadid. Alusmaterjalina on kasutatud tsementkiudplaati. COLOR plaadtide maksimaalne laiusm\u00f5\u00f5t on 1250mm ja maksimaalne pikkusm\u00f5\u00f5t on 3200mm. Enimlevinud plaadi paksus on 8, 10 ja 12 mm. Soovi korral on v\u00f5imalik plaadid l\u00f5igata tehases vajalikku m\u00f5\u00f5tu. COLOR plaatide v\u00e4rvitoonide valik on...\" \/>\n<meta property=\"og:url\" content=\"https:\/\/fassaadistuudio.ee\/en\/tooted\/pealtvarvitud-tsementkiudplaadid\/\" \/>\n<meta property=\"og:site_name\" content=\"Fassaadistuudio\" \/>\n<meta property=\"article:modified_time\" content=\"2025-06-17T10:49:50+00:00\" \/>\n<meta property=\"og:image\" content=\"https:\/\/fassaadistuudio.ee\/wp-content\/uploads\/2024\/04\/pexels-jan-van-der-wolf-16878390-scaled.jpg\" \/>\n\t<meta property=\"og:image:width\" content=\"2560\" \/>\n\t<meta property=\"og:image:height\" content=\"1707\" \/>\n\t<meta property=\"og:image:type\" content=\"image\/jpeg\" \/>\n<meta name=\"twitter:card\" content=\"summary_large_image\" \/>\n<meta name=\"twitter:label1\" content=\"Estimated reading time\" \/>\n\t<meta name=\"twitter:data1\" content=\"1 minute\" \/>\n<script type=\"application\/ld+json\" class=\"yoast-schema-graph\">{\"@context\":\"https:\\\/\\\/schema.org\",\"@graph\":[{\"@type\":[\"WebPage\",\"ItemPage\"],\"@id\":\"https:\\\/\\\/fassaadistuudio.ee\\\/tooted\\\/pealtvarvitud-tsementkiudplaadid\\\/\",\"url\":\"https:\\\/\\\/fassaadistuudio.ee\\\/tooted\\\/pealtvarvitud-tsementkiudplaadid\\\/\",\"name\":\"Pealtv\u00e4rvitud kiudtsementplaadid - Fassaadistuudio\",\"isPartOf\":{\"@id\":\"https:\\\/\\\/fassaadistuudio.ee\\\/#website\"},\"primaryImageOfPage\":{\"@id\":\"https:\\\/\\\/fassaadistuudio.ee\\\/tooted\\\/pealtvarvitud-tsementkiudplaadid\\\/#primaryimage\"},\"image\":{\"@id\":\"https:\\\/\\\/fassaadistuudio.ee\\\/tooted\\\/pealtvarvitud-tsementkiudplaadid\\\/#primaryimage\"},\"thumbnailUrl\":\"https:\\\/\\\/fassaadistuudio.ee\\\/wp-content\\\/uploads\\\/2024\\\/04\\\/pexels-jan-van-der-wolf-16878390-scaled.jpg\",\"datePublished\":\"2024-04-09T10:20:33+00:00\",\"dateModified\":\"2025-06-17T10:49:50+00:00\",\"breadcrumb\":{\"@id\":\"https:\\\/\\\/fassaadistuudio.ee\\\/tooted\\\/pealtvarvitud-tsementkiudplaadid\\\/#breadcrumb\"},\"inLanguage\":\"en-GB\",\"potentialAction\":[{\"@type\":\"ReadAction\",\"target\":[\"https:\\\/\\\/fassaadistuudio.ee\\\/tooted\\\/pealtvarvitud-tsementkiudplaadid\\\/\"]}]},{\"@type\":\"ImageObject\",\"inLanguage\":\"en-GB\",\"@id\":\"https:\\\/\\\/fassaadistuudio.ee\\\/tooted\\\/pealtvarvitud-tsementkiudplaadid\\\/#primaryimage\",\"url\":\"https:\\\/\\\/fassaadistuudio.ee\\\/wp-content\\\/uploads\\\/2024\\\/04\\\/pexels-jan-van-der-wolf-16878390-scaled.jpg\",\"contentUrl\":\"https:\\\/\\\/fassaadistuudio.ee\\\/wp-content\\\/uploads\\\/2024\\\/04\\\/pexels-jan-van-der-wolf-16878390-scaled.jpg\",\"width\":2560,\"height\":1707,\"caption\":\"fassaad1\"},{\"@type\":\"BreadcrumbList\",\"@id\":\"https:\\\/\\\/fassaadistuudio.ee\\\/tooted\\\/pealtvarvitud-tsementkiudplaadid\\\/#breadcrumb\",\"itemListElement\":[{\"@type\":\"ListItem\",\"position\":1,\"name\":\"Home\",\"item\":\"https:\\\/\\\/fassaadistuudio.ee\\\/\"},{\"@type\":\"ListItem\",\"position\":2,\"name\":\"Tooted\",\"item\":\"https:\\\/\\\/fassaadistuudio.ee\\\/tooted\\\/\"},{\"@type\":\"ListItem\",\"position\":3,\"name\":\"Pealtv\u00e4rvitud kiudtsementplaadid\"}]},{\"@type\":\"WebSite\",\"@id\":\"https:\\\/\\\/fassaadistuudio.ee\\\/#website\",\"url\":\"https:\\\/\\\/fassaadistuudio.ee\\\/\",\"name\":\"Fassaadistuudio\",\"description\":\"Fassaadistuudio O&Uuml;\",\"publisher\":{\"@id\":\"https:\\\/\\\/fassaadistuudio.ee\\\/#organization\"},\"potentialAction\":[{\"@type\":\"SearchAction\",\"target\":{\"@type\":\"EntryPoint\",\"urlTemplate\":\"https:\\\/\\\/fassaadistuudio.ee\\\/?s={search_term_string}\"},\"query-input\":{\"@type\":\"PropertyValueSpecification\",\"valueRequired\":true,\"valueName\":\"search_term_string\"}}],\"inLanguage\":\"en-GB\"},{\"@type\":\"Organization\",\"@id\":\"https:\\\/\\\/fassaadistuudio.ee\\\/#organization\",\"name\":\"Fassaadistuudio\",\"url\":\"https:\\\/\\\/fassaadistuudio.ee\\\/\",\"logo\":{\"@type\":\"ImageObject\",\"inLanguage\":\"en-GB\",\"@id\":\"https:\\\/\\\/fassaadistuudio.ee\\\/#\\\/schema\\\/logo\\\/image\\\/\",\"url\":\"https:\\\/\\\/fassaadistuudio.ee\\\/wp-content\\\/uploads\\\/2024\\\/04\\\/cropped-cropped-logo_transparent-1-1.png\",\"contentUrl\":\"https:\\\/\\\/fassaadistuudio.ee\\\/wp-content\\\/uploads\\\/2024\\\/04\\\/cropped-cropped-logo_transparent-1-1.png\",\"width\":599,\"height\":598,\"caption\":\"Fassaadistuudio\"},\"image\":{\"@id\":\"https:\\\/\\\/fassaadistuudio.ee\\\/#\\\/schema\\\/logo\\\/image\\\/\"}}]}<\/script>\n<!-- \/ Yoast SEO plugin. -->","yoast_head_json":{"title":"Pealtv\u00e4rvitud kiudtsementplaadid - Fassaadistuudio","robots":{"index":"index","follow":"follow","max-snippet":"max-snippet:-1","max-image-preview":"max-image-preview:large","max-video-preview":"max-video-preview:-1"},"canonical":"https:\/\/fassaadistuudio.ee\/en\/tooted\/pealtvarvitud-tsementkiudplaadid\/","og_locale":"en_GB","og_type":"article","og_title":"Pealtv\u00e4rvitud kiudtsementplaadid - Fassaadistuudio","og_description":"Pealtv\u00e4rvitud kiudtsementplaadid COLOR tsementkiud fassaadiplaadid on spetsiaalse t\u00f6\u00f6stusliku v\u00e4rviga v\u00e4rvitud sileda v\u00f5i struktuurse pinnaga fassaadi- ja sokliplaadid. Alusmaterjalina on kasutatud tsementkiudplaati. COLOR plaadtide maksimaalne laiusm\u00f5\u00f5t on 1250mm ja maksimaalne pikkusm\u00f5\u00f5t on 3200mm. Enimlevinud plaadi paksus on 8, 10 ja 12 mm. Soovi korral on v\u00f5imalik plaadid l\u00f5igata tehases vajalikku m\u00f5\u00f5tu. COLOR plaatide v\u00e4rvitoonide valik on...","og_url":"https:\/\/fassaadistuudio.ee\/en\/tooted\/pealtvarvitud-tsementkiudplaadid\/","og_site_name":"Fassaadistuudio","article_modified_time":"2025-06-17T10:49:50+00:00","og_image":[{"width":2560,"height":1707,"url":"https:\/\/fassaadistuudio.ee\/wp-content\/uploads\/2024\/04\/pexels-jan-van-der-wolf-16878390-scaled.jpg","type":"image\/jpeg"}],"twitter_card":"summary_large_image","twitter_misc":{"Estimated reading time":"1 minute"},"schema":{"@context":"https:\/\/schema.org","@graph":[{"@type":["WebPage","ItemPage"],"@id":"https:\/\/fassaadistuudio.ee\/tooted\/pealtvarvitud-tsementkiudplaadid\/","url":"https:\/\/fassaadistuudio.ee\/tooted\/pealtvarvitud-tsementkiudplaadid\/","name":"Pealtv\u00e4rvitud kiudtsementplaadid - Fassaadistuudio","isPartOf":{"@id":"https:\/\/fassaadistuudio.ee\/#website"},"primaryImageOfPage":{"@id":"https:\/\/fassaadistuudio.ee\/tooted\/pealtvarvitud-tsementkiudplaadid\/#primaryimage"},"image":{"@id":"https:\/\/fassaadistuudio.ee\/tooted\/pealtvarvitud-tsementkiudplaadid\/#primaryimage"},"thumbnailUrl":"https:\/\/fassaadistuudio.ee\/wp-content\/uploads\/2024\/04\/pexels-jan-van-der-wolf-16878390-scaled.jpg","datePublished":"2024-04-09T10:20:33+00:00","dateModified":"2025-06-17T10:49:50+00:00","breadcrumb":{"@id":"https:\/\/fassaadistuudio.ee\/tooted\/pealtvarvitud-tsementkiudplaadid\/#breadcrumb"},"inLanguage":"en-GB","potentialAction":[{"@type":"ReadAction","target":["https:\/\/fassaadistuudio.ee\/tooted\/pealtvarvitud-tsementkiudplaadid\/"]}]},{"@type":"ImageObject","inLanguage":"en-GB","@id":"https:\/\/fassaadistuudio.ee\/tooted\/pealtvarvitud-tsementkiudplaadid\/#primaryimage","url":"https:\/\/fassaadistuudio.ee\/wp-content\/uploads\/2024\/04\/pexels-jan-van-der-wolf-16878390-scaled.jpg","contentUrl":"https:\/\/fassaadistuudio.ee\/wp-content\/uploads\/2024\/04\/pexels-jan-van-der-wolf-16878390-scaled.jpg","width":2560,"height":1707,"caption":"fassaad1"},{"@type":"BreadcrumbList","@id":"https:\/\/fassaadistuudio.ee\/tooted\/pealtvarvitud-tsementkiudplaadid\/#breadcrumb","itemListElement":[{"@type":"ListItem","position":1,"name":"Home","item":"https:\/\/fassaadistuudio.ee\/"},{"@type":"ListItem","position":2,"name":"Tooted","item":"https:\/\/fassaadistuudio.ee\/tooted\/"},{"@type":"ListItem","position":3,"name":"Pealtv\u00e4rvitud kiudtsementplaadid"}]},{"@type":"WebSite","@id":"https:\/\/fassaadistuudio.ee\/#website","url":"https:\/\/fassaadistuudio.ee\/","name":"Fassaadistuudio","description":"Fassaadistuudio O&Uuml;","publisher":{"@id":"https:\/\/fassaadistuudio.ee\/#organization"},"potentialAction":[{"@type":"SearchAction","target":{"@type":"EntryPoint","urlTemplate":"https:\/\/fassaadistuudio.ee\/?s={search_term_string}"},"query-input":{"@type":"PropertyValueSpecification","valueRequired":true,"valueName":"search_term_string"}}],"inLanguage":"en-GB"},{"@type":"Organization","@id":"https:\/\/fassaadistuudio.ee\/#organization","name":"Fassaadistuudio","url":"https:\/\/fassaadistuudio.ee\/","logo":{"@type":"ImageObject","inLanguage":"en-GB","@id":"https:\/\/fassaadistuudio.ee\/#\/schema\/logo\/image\/","url":"https:\/\/fassaadistuudio.ee\/wp-content\/uploads\/2024\/04\/cropped-cropped-logo_transparent-1-1.png","contentUrl":"https:\/\/fassaadistuudio.ee\/wp-content\/uploads\/2024\/04\/cropped-cropped-logo_transparent-1-1.png","width":599,"height":598,"caption":"Fassaadistuudio"},"image":{"@id":"https:\/\/fassaadistuudio.ee\/#\/schema\/logo\/image\/"}}]}},"_links":{"self":[{"href":"https:\/\/fassaadistuudio.ee\/en\/wp-json\/wp\/v2\/pages\/418","targetHints":{"allow":["GET"]}}],"collection":[{"href":"https:\/\/fassaadistuudio.ee\/en\/wp-json\/wp\/v2\/pages"}],"about":[{"href":"https:\/\/fassaadistuudio.ee\/en\/wp-json\/wp\/v2\/types\/page"}],"author":[{"embeddable":true,"href":"https:\/\/fassaadistuudio.ee\/en\/wp-json\/wp\/v2\/users\/1"}],"replies":[{"embeddable":true,"href":"https:\/\/fassaadistuudio.ee\/en\/wp-json\/wp\/v2\/comments?post=418"}],"version-history":[{"count":12,"href":"https:\/\/fassaadistuudio.ee\/en\/wp-json\/wp\/v2\/pages\/418\/revisions"}],"predecessor-version":[{"id":2036,"href":"https:\/\/fassaadistuudio.ee\/en\/wp-json\/wp\/v2\/pages\/418\/revisions\/2036"}],"up":[{"embeddable":true,"href":"https:\/\/fassaadistuudio.ee\/en\/wp-json\/wp\/v2\/pages\/14"}],"wp:featuredmedia":[{"embeddable":true,"href":"https:\/\/fassaadistuudio.ee\/en\/wp-json\/wp\/v2\/media\/500"}],"wp:attachment":[{"href":"https:\/\/fassaadistuudio.ee\/en\/wp-json\/wp\/v2\/media?parent=418"}],"curies":[{"name":"wp","href":"https:\/\/api.w.org\/{rel}","templated":true}]}}