{"id":414,"date":"2024-04-09T10:20:04","date_gmt":"2024-04-09T10:20:04","guid":{"rendered":"https:\/\/fassaadistuudio.ee\/?page_id=414"},"modified":"2025-06-17T07:34:41","modified_gmt":"2025-06-17T07:34:41","slug":"termoroovid-ja-teised-terasroovid","status":"publish","type":"page","link":"https:\/\/fassaadistuudio.ee\/en\/tooted\/termoroovid-ja-teised-terasroovid\/","title":{"rendered":"Thermal profiles and other steel profiles"},"content":{"rendered":"<style>.kb-row-layout-wrap.wp-block-kadence-rowlayout.kb-row-layout-id414_64197a-3d{margin-top:0px;margin-bottom:0px;}.kb-row-layout-id414_64197a-3d > .kt-row-column-wrap{align-content:start;}:where(.kb-row-layout-id414_64197a-3d > .kt-row-column-wrap) > .wp-block-kadence-column{justify-content:start;}.kb-row-layout-id414_64197a-3d > .kt-row-column-wrap{column-gap:var(--global-kb-gap-none, 0rem );row-gap:var(--global-kb-gap-md, 2rem);max-width:var( --global-content-width, 1290px );padding-left:var(--global-content-edge-padding);padding-right:var(--global-content-edge-padding);padding-top:180px;padding-bottom:37px;grid-template-columns:minmax(0, 2fr) minmax(0, 1fr);}.kb-row-layout-id414_64197a-3d{background-image:url('https:\/\/fassaadistuudio.ee\/wp-content\/uploads\/2024\/04\/unnamed-17-scaled.jpg');background-size:cover;background-position:44% 57.99999999999999%;background-attachment:scroll;background-repeat:no-repeat;}.kb-row-layout-id414_64197a-3d > .kt-row-layout-overlay{opacity:0.58;background-color:var(--global-palette1, #3182CE);}@media all and (max-width: 1024px){.kb-row-layout-id414_64197a-3d > .kt-row-column-wrap{padding-top:var(--global-kb-spacing-4xl, 8rem);padding-bottom:var(--global-kb-spacing-md, 2rem);grid-template-columns:minmax(0, 2fr) minmax(0, 1fr);}}@media all and (max-width: 767px){.kb-row-layout-id414_64197a-3d > .kt-row-column-wrap{grid-template-columns:minmax(0, 1fr);}}<\/style><div class=\"kb-row-layout-wrap kb-row-layout-id414_64197a-3d alignfull kt-row-has-bg wp-block-kadence-rowlayout\"><div class=\"kt-row-layout-overlay kt-row-overlay-normal\"><\/div><div class=\"kt-row-column-wrap kt-has-2-columns kt-row-layout-left-golden kt-tab-layout-inherit kt-mobile-layout-row kt-row-valign-top kb-theme-content-width\">\n<style>.kadence-column414_245154-df > .kt-inside-inner-col,.kadence-column414_245154-df > .kt-inside-inner-col:before{border-top-left-radius:0px;border-top-right-radius:0px;border-bottom-right-radius:0px;border-bottom-left-radius:0px;}.kadence-column414_245154-df > .kt-inside-inner-col{column-gap:var(--global-kb-gap-sm, 1rem);}.kadence-column414_245154-df > .kt-inside-inner-col{flex-direction:column;}.kadence-column414_245154-df > .kt-inside-inner-col > .aligncenter{width:100%;}.kadence-column414_245154-df > .kt-inside-inner-col:before{opacity:0.3;}.kadence-column414_245154-df{position:relative;}@media all and (max-width: 1024px){.kadence-column414_245154-df > .kt-inside-inner-col{flex-direction:column;justify-content:center;}}@media all and (max-width: 767px){.kadence-column414_245154-df > .kt-inside-inner-col{flex-direction:column;justify-content:center;}}<\/style>\n<div class=\"wp-block-kadence-column kadence-column414_245154-df inner-column-1\"><div class=\"kt-inside-inner-col\"><style>.wp-block-kadence-advancedheading.kt-adv-heading414_6b5fb8-c8, .wp-block-kadence-advancedheading.kt-adv-heading414_6b5fb8-c8[data-kb-block=\"kb-adv-heading414_6b5fb8-c8\"]{font-size:60px;line-height:1.1;font-style:normal;letter-spacing:-2px;}.wp-block-kadence-advancedheading.kt-adv-heading414_6b5fb8-c8 mark.kt-highlight, .wp-block-kadence-advancedheading.kt-adv-heading414_6b5fb8-c8[data-kb-block=\"kb-adv-heading414_6b5fb8-c8\"] mark.kt-highlight{font-style:normal;color:#f76a0c;-webkit-box-decoration-break:clone;box-decoration-break:clone;padding-top:0px;padding-right:0px;padding-bottom:0px;padding-left:0px;}.wp-block-kadence-advancedheading.kt-adv-heading414_6b5fb8-c8 img.kb-inline-image, .wp-block-kadence-advancedheading.kt-adv-heading414_6b5fb8-c8[data-kb-block=\"kb-adv-heading414_6b5fb8-c8\"] img.kb-inline-image{width:150px;vertical-align:baseline;}@media all and (max-width: 1024px){.wp-block-kadence-advancedheading.kt-adv-heading414_6b5fb8-c8, .wp-block-kadence-advancedheading.kt-adv-heading414_6b5fb8-c8[data-kb-block=\"kb-adv-heading414_6b5fb8-c8\"]{letter-spacing:-1px;font-size:var(--global-kb-font-size-xxl, 4rem);line-height:1.3;}}@media all and (max-width: 767px){.wp-block-kadence-advancedheading.kt-adv-heading414_6b5fb8-c8, .wp-block-kadence-advancedheading.kt-adv-heading414_6b5fb8-c8[data-kb-block=\"kb-adv-heading414_6b5fb8-c8\"]{font-size:45px;}}<\/style>\n<h1 class=\"kt-adv-heading414_6b5fb8-c8 wp-block-kadence-advancedheading has-theme-palette-9-color has-text-color\" data-kb-block=\"kb-adv-heading414_6b5fb8-c8\">Termoroovid ja<\/h1>\n\n\n<style>.wp-block-kadence-advancedheading.kt-adv-heading414_1cb2f0-5e, .wp-block-kadence-advancedheading.kt-adv-heading414_1cb2f0-5e[data-kb-block=\"kb-adv-heading414_1cb2f0-5e\"]{font-size:60px;line-height:1.1;font-style:normal;letter-spacing:-2px;}.wp-block-kadence-advancedheading.kt-adv-heading414_1cb2f0-5e mark.kt-highlight, .wp-block-kadence-advancedheading.kt-adv-heading414_1cb2f0-5e[data-kb-block=\"kb-adv-heading414_1cb2f0-5e\"] mark.kt-highlight{font-style:normal;color:#f76a0c;-webkit-box-decoration-break:clone;box-decoration-break:clone;padding-top:0px;padding-right:0px;padding-bottom:0px;padding-left:0px;}.wp-block-kadence-advancedheading.kt-adv-heading414_1cb2f0-5e img.kb-inline-image, .wp-block-kadence-advancedheading.kt-adv-heading414_1cb2f0-5e[data-kb-block=\"kb-adv-heading414_1cb2f0-5e\"] img.kb-inline-image{width:150px;vertical-align:baseline;}@media all and (max-width: 1024px){.wp-block-kadence-advancedheading.kt-adv-heading414_1cb2f0-5e, .wp-block-kadence-advancedheading.kt-adv-heading414_1cb2f0-5e[data-kb-block=\"kb-adv-heading414_1cb2f0-5e\"]{letter-spacing:-1px;font-size:var(--global-kb-font-size-xxl, 4rem);line-height:1.3;}}@media all and (max-width: 767px){.wp-block-kadence-advancedheading.kt-adv-heading414_1cb2f0-5e, .wp-block-kadence-advancedheading.kt-adv-heading414_1cb2f0-5e[data-kb-block=\"kb-adv-heading414_1cb2f0-5e\"]{font-size:45px;}}<\/style>\n<h1 class=\"kt-adv-heading414_1cb2f0-5e wp-block-kadence-advancedheading has-theme-palette-9-color has-text-color\" data-kb-block=\"kb-adv-heading414_1cb2f0-5e\">teised terasroovid<\/h1>\n<\/div><\/div>\n\n\n<style>.kadence-column414_3b1954-6e > .kt-inside-inner-col,.kadence-column414_3b1954-6e > .kt-inside-inner-col:before{border-top-left-radius:0px;border-top-right-radius:0px;border-bottom-right-radius:0px;border-bottom-left-radius:0px;}.kadence-column414_3b1954-6e > .kt-inside-inner-col{column-gap:var(--global-kb-gap-sm, 1rem);}.kadence-column414_3b1954-6e > .kt-inside-inner-col{flex-direction:column;}.kadence-column414_3b1954-6e > .kt-inside-inner-col > .aligncenter{width:100%;}.kadence-column414_3b1954-6e > .kt-inside-inner-col:before{opacity:0.3;}.kadence-column414_3b1954-6e{position:relative;}@media all and (max-width: 1024px){.kadence-column414_3b1954-6e > .kt-inside-inner-col{flex-direction:column;justify-content:center;}}@media all and (max-width: 767px){.kadence-column414_3b1954-6e > .kt-inside-inner-col{flex-direction:column;justify-content:center;}}<\/style>\n<div class=\"wp-block-kadence-column kadence-column414_3b1954-6e\"><div class=\"kt-inside-inner-col\"><\/div><\/div>\n\n<\/div><\/div>\n\n\n<div style=\"height:100px\" aria-hidden=\"true\" class=\"wp-block-spacer\"><\/div>\n\n\n\n<p class=\"has-medium-font-size\"><strong>Termoroovid TU, TC, TUL, TZ<\/strong><\/p>\n\n\n\n<figure class=\"wp-block-image size-full\"><img loading=\"lazy\" decoding=\"async\" width=\"331\" height=\"117\" src=\"https:\/\/fassaadistuudio.ee\/wp-content\/uploads\/2024\/04\/20050407termopr.gif\" alt=\"\" class=\"wp-image-625\" title=\"alt\"\/><\/figure>\n\n\n\n<p>Termoroovid on v\u00e4ikese soojajuhtivusega terasprofiilid, mida kasutatakse enamasti v\u00e4lisseinte karkassiks. Samuti kasutatakse TERMO termoroove soojustatud katuslagede ehitamisel ja fassaadide soojustamisel. TERMO termoroove valmistatakse kuumtsingitud teraslehest paksusega 1,0\u20132,0 mm.<\/p>\n\n\n\n<ul class=\"wp-block-list\">\n<li>&nbsp;ristl\u00f5iked:&nbsp;<strong>C, U, Z<\/strong><\/li>\n\n\n\n<li>&nbsp;ristl\u00f5ike k\u00f5rgus:&nbsp;<strong>125-225mm ja 129-229mm<\/strong><\/li>\n\n\n\n<li>&nbsp;materjali paksus:&nbsp;<strong>1,0 &#8211; 2,0mm<\/strong><\/li>\n\n\n\n<li>&nbsp; Pikkus max.&nbsp;<strong>12,3m<\/strong><\/li>\n<\/ul>\n\n\n\n<p>Samuti on meie valikus&nbsp;<strong>L, Z, U ja k\u00fcbarroove<\/strong>&nbsp;vastavalt soovitud m\u00f5\u00f5tudele.<\/p>\n\n\n\n<div class=\"wp-block-buttons is-layout-flex wp-block-buttons-is-layout-flex\">\n<div class=\"wp-block-button\"><a class=\"wp-block-button__link wp-element-button\" href=\"https:\/\/fassaadistuudio.ee\/kontakt\/\">V\u00f5ta \u00fchendust<\/a><\/div>\n\n\n\n<div class=\"wp-block-button popmake-1269\"><a class=\"wp-block-button__link wp-element-button\">Tee p\u00e4ring<\/a><\/div>\n<\/div>\n\n\n\n<div class=\"wp-block-buttons is-layout-flex wp-block-buttons-is-layout-flex\"><\/div>\n","protected":false},"excerpt":{"rendered":"<p>Termoroovid ja teised terasroovid Termoroovid TU, TC, TUL, TZ Termoroovid on v\u00e4ikese soojajuhtivusega terasprofiilid, mida kasutatakse enamasti v\u00e4lisseinte karkassiks. Samuti kasutatakse TERMO termoroove soojustatud katuslagede ehitamisel ja fassaadide soojustamisel. TERMO termoroove valmistatakse kuumtsingitud teraslehest paksusega 1,0\u20132,0 mm. Samuti on meie valikus&nbsp;L, Z, U ja k\u00fcbarroove&nbsp;vastavalt soovitud m\u00f5\u00f5tudele.<\/p>","protected":false},"author":1,"featured_media":0,"parent":14,"menu_order":0,"comment_status":"closed","ping_status":"closed","template":"","meta":{"_kadence_starter_templates_imported_post":false,"_kad_post_transparent":"enable","_kad_post_title":"hide","_kad_post_layout":"","_kad_post_sidebar_id":"","_kad_post_content_style":"","_kad_post_vertical_padding":"bottom","_kad_post_feature":"","_kad_post_feature_position":"","_kad_post_header":false,"_kad_post_footer":false,"_kad_post_classname":"","footnotes":""},"class_list":["post-414","page","type-page","status-publish","hentry"],"yoast_head":"<!-- This site is optimized with the Yoast SEO plugin v27.3 - https:\/\/yoast.com\/product\/yoast-seo-wordpress\/ -->\n<title>Termoroovid ja teised terasroovid - Fassaadistuudio<\/title>\n<meta name=\"robots\" content=\"index, follow, max-snippet:-1, max-image-preview:large, max-video-preview:-1\" \/>\n<link rel=\"canonical\" href=\"https:\/\/fassaadistuudio.ee\/en\/tooted\/termoroovid-ja-teised-terasroovid\/\" \/>\n<meta property=\"og:locale\" content=\"en_GB\" \/>\n<meta property=\"og:type\" content=\"article\" \/>\n<meta property=\"og:title\" content=\"Termoroovid ja teised terasroovid - Fassaadistuudio\" \/>\n<meta property=\"og:description\" content=\"Termoroovid ja teised terasroovid Termoroovid TU, TC, TUL, TZ Termoroovid on v\u00e4ikese soojajuhtivusega terasprofiilid, mida kasutatakse enamasti v\u00e4lisseinte karkassiks. Samuti kasutatakse TERMO termoroove soojustatud katuslagede ehitamisel ja fassaadide soojustamisel. TERMO termoroove valmistatakse kuumtsingitud teraslehest paksusega 1,0\u20132,0 mm. Samuti on meie valikus&nbsp;L, Z, U ja k\u00fcbarroove&nbsp;vastavalt soovitud m\u00f5\u00f5tudele.\" \/>\n<meta property=\"og:url\" content=\"https:\/\/fassaadistuudio.ee\/en\/tooted\/termoroovid-ja-teised-terasroovid\/\" \/>\n<meta property=\"og:site_name\" content=\"Fassaadistuudio\" \/>\n<meta property=\"article:modified_time\" content=\"2025-06-17T07:34:41+00:00\" \/>\n<meta property=\"og:image\" content=\"https:\/\/fassaadistuudio.ee\/wp-content\/uploads\/2024\/04\/20050407termopr.gif\" \/>\n\t<meta property=\"og:image:width\" content=\"331\" \/>\n\t<meta property=\"og:image:height\" content=\"117\" \/>\n\t<meta property=\"og:image:type\" content=\"image\/gif\" \/>\n<meta name=\"twitter:card\" content=\"summary_large_image\" \/>\n<meta name=\"twitter:label1\" content=\"Estimated reading time\" \/>\n\t<meta name=\"twitter:data1\" content=\"1 minute\" \/>\n<script type=\"application\/ld+json\" class=\"yoast-schema-graph\">{\"@context\":\"https:\\\/\\\/schema.org\",\"@graph\":[{\"@type\":[\"WebPage\",\"ItemPage\"],\"@id\":\"https:\\\/\\\/fassaadistuudio.ee\\\/tooted\\\/termoroovid-ja-teised-terasroovid\\\/\",\"url\":\"https:\\\/\\\/fassaadistuudio.ee\\\/tooted\\\/termoroovid-ja-teised-terasroovid\\\/\",\"name\":\"Termoroovid ja teised terasroovid - Fassaadistuudio\",\"isPartOf\":{\"@id\":\"https:\\\/\\\/fassaadistuudio.ee\\\/#website\"},\"primaryImageOfPage\":{\"@id\":\"https:\\\/\\\/fassaadistuudio.ee\\\/tooted\\\/termoroovid-ja-teised-terasroovid\\\/#primaryimage\"},\"image\":{\"@id\":\"https:\\\/\\\/fassaadistuudio.ee\\\/tooted\\\/termoroovid-ja-teised-terasroovid\\\/#primaryimage\"},\"thumbnailUrl\":\"https:\\\/\\\/fassaadistuudio.ee\\\/wp-content\\\/uploads\\\/2024\\\/04\\\/20050407termopr.gif\",\"datePublished\":\"2024-04-09T10:20:04+00:00\",\"dateModified\":\"2025-06-17T07:34:41+00:00\",\"breadcrumb\":{\"@id\":\"https:\\\/\\\/fassaadistuudio.ee\\\/tooted\\\/termoroovid-ja-teised-terasroovid\\\/#breadcrumb\"},\"inLanguage\":\"en-GB\",\"potentialAction\":[{\"@type\":\"ReadAction\",\"target\":[\"https:\\\/\\\/fassaadistuudio.ee\\\/tooted\\\/termoroovid-ja-teised-terasroovid\\\/\"]}]},{\"@type\":\"ImageObject\",\"inLanguage\":\"en-GB\",\"@id\":\"https:\\\/\\\/fassaadistuudio.ee\\\/tooted\\\/termoroovid-ja-teised-terasroovid\\\/#primaryimage\",\"url\":\"https:\\\/\\\/fassaadistuudio.ee\\\/wp-content\\\/uploads\\\/2024\\\/04\\\/20050407termopr.gif\",\"contentUrl\":\"https:\\\/\\\/fassaadistuudio.ee\\\/wp-content\\\/uploads\\\/2024\\\/04\\\/20050407termopr.gif\"},{\"@type\":\"BreadcrumbList\",\"@id\":\"https:\\\/\\\/fassaadistuudio.ee\\\/tooted\\\/termoroovid-ja-teised-terasroovid\\\/#breadcrumb\",\"itemListElement\":[{\"@type\":\"ListItem\",\"position\":1,\"name\":\"Home\",\"item\":\"https:\\\/\\\/fassaadistuudio.ee\\\/\"},{\"@type\":\"ListItem\",\"position\":2,\"name\":\"Tooted\",\"item\":\"https:\\\/\\\/fassaadistuudio.ee\\\/tooted\\\/\"},{\"@type\":\"ListItem\",\"position\":3,\"name\":\"Termoroovid ja teised terasroovid\"}]},{\"@type\":\"WebSite\",\"@id\":\"https:\\\/\\\/fassaadistuudio.ee\\\/#website\",\"url\":\"https:\\\/\\\/fassaadistuudio.ee\\\/\",\"name\":\"Fassaadistuudio\",\"description\":\"Fassaadistuudio O&Uuml;\",\"publisher\":{\"@id\":\"https:\\\/\\\/fassaadistuudio.ee\\\/#organization\"},\"potentialAction\":[{\"@type\":\"SearchAction\",\"target\":{\"@type\":\"EntryPoint\",\"urlTemplate\":\"https:\\\/\\\/fassaadistuudio.ee\\\/?s={search_term_string}\"},\"query-input\":{\"@type\":\"PropertyValueSpecification\",\"valueRequired\":true,\"valueName\":\"search_term_string\"}}],\"inLanguage\":\"en-GB\"},{\"@type\":\"Organization\",\"@id\":\"https:\\\/\\\/fassaadistuudio.ee\\\/#organization\",\"name\":\"Fassaadistuudio\",\"url\":\"https:\\\/\\\/fassaadistuudio.ee\\\/\",\"logo\":{\"@type\":\"ImageObject\",\"inLanguage\":\"en-GB\",\"@id\":\"https:\\\/\\\/fassaadistuudio.ee\\\/#\\\/schema\\\/logo\\\/image\\\/\",\"url\":\"https:\\\/\\\/fassaadistuudio.ee\\\/wp-content\\\/uploads\\\/2024\\\/04\\\/cropped-cropped-logo_transparent-1-1.png\",\"contentUrl\":\"https:\\\/\\\/fassaadistuudio.ee\\\/wp-content\\\/uploads\\\/2024\\\/04\\\/cropped-cropped-logo_transparent-1-1.png\",\"width\":599,\"height\":598,\"caption\":\"Fassaadistuudio\"},\"image\":{\"@id\":\"https:\\\/\\\/fassaadistuudio.ee\\\/#\\\/schema\\\/logo\\\/image\\\/\"}}]}<\/script>\n<!-- \/ Yoast SEO plugin. -->","yoast_head_json":{"title":"Termoroovid ja teised terasroovid - Fassaadistuudio","robots":{"index":"index","follow":"follow","max-snippet":"max-snippet:-1","max-image-preview":"max-image-preview:large","max-video-preview":"max-video-preview:-1"},"canonical":"https:\/\/fassaadistuudio.ee\/en\/tooted\/termoroovid-ja-teised-terasroovid\/","og_locale":"en_GB","og_type":"article","og_title":"Termoroovid ja teised terasroovid - Fassaadistuudio","og_description":"Termoroovid ja teised terasroovid Termoroovid TU, TC, TUL, TZ Termoroovid on v\u00e4ikese soojajuhtivusega terasprofiilid, mida kasutatakse enamasti v\u00e4lisseinte karkassiks. Samuti kasutatakse TERMO termoroove soojustatud katuslagede ehitamisel ja fassaadide soojustamisel. TERMO termoroove valmistatakse kuumtsingitud teraslehest paksusega 1,0\u20132,0 mm. Samuti on meie valikus&nbsp;L, Z, U ja k\u00fcbarroove&nbsp;vastavalt soovitud m\u00f5\u00f5tudele.","og_url":"https:\/\/fassaadistuudio.ee\/en\/tooted\/termoroovid-ja-teised-terasroovid\/","og_site_name":"Fassaadistuudio","article_modified_time":"2025-06-17T07:34:41+00:00","og_image":[{"width":331,"height":117,"url":"https:\/\/fassaadistuudio.ee\/wp-content\/uploads\/2024\/04\/20050407termopr.gif","type":"image\/gif"}],"twitter_card":"summary_large_image","twitter_misc":{"Estimated reading time":"1 minute"},"schema":{"@context":"https:\/\/schema.org","@graph":[{"@type":["WebPage","ItemPage"],"@id":"https:\/\/fassaadistuudio.ee\/tooted\/termoroovid-ja-teised-terasroovid\/","url":"https:\/\/fassaadistuudio.ee\/tooted\/termoroovid-ja-teised-terasroovid\/","name":"Termoroovid ja teised terasroovid - Fassaadistuudio","isPartOf":{"@id":"https:\/\/fassaadistuudio.ee\/#website"},"primaryImageOfPage":{"@id":"https:\/\/fassaadistuudio.ee\/tooted\/termoroovid-ja-teised-terasroovid\/#primaryimage"},"image":{"@id":"https:\/\/fassaadistuudio.ee\/tooted\/termoroovid-ja-teised-terasroovid\/#primaryimage"},"thumbnailUrl":"https:\/\/fassaadistuudio.ee\/wp-content\/uploads\/2024\/04\/20050407termopr.gif","datePublished":"2024-04-09T10:20:04+00:00","dateModified":"2025-06-17T07:34:41+00:00","breadcrumb":{"@id":"https:\/\/fassaadistuudio.ee\/tooted\/termoroovid-ja-teised-terasroovid\/#breadcrumb"},"inLanguage":"en-GB","potentialAction":[{"@type":"ReadAction","target":["https:\/\/fassaadistuudio.ee\/tooted\/termoroovid-ja-teised-terasroovid\/"]}]},{"@type":"ImageObject","inLanguage":"en-GB","@id":"https:\/\/fassaadistuudio.ee\/tooted\/termoroovid-ja-teised-terasroovid\/#primaryimage","url":"https:\/\/fassaadistuudio.ee\/wp-content\/uploads\/2024\/04\/20050407termopr.gif","contentUrl":"https:\/\/fassaadistuudio.ee\/wp-content\/uploads\/2024\/04\/20050407termopr.gif"},{"@type":"BreadcrumbList","@id":"https:\/\/fassaadistuudio.ee\/tooted\/termoroovid-ja-teised-terasroovid\/#breadcrumb","itemListElement":[{"@type":"ListItem","position":1,"name":"Home","item":"https:\/\/fassaadistuudio.ee\/"},{"@type":"ListItem","position":2,"name":"Tooted","item":"https:\/\/fassaadistuudio.ee\/tooted\/"},{"@type":"ListItem","position":3,"name":"Termoroovid ja teised terasroovid"}]},{"@type":"WebSite","@id":"https:\/\/fassaadistuudio.ee\/#website","url":"https:\/\/fassaadistuudio.ee\/","name":"Fassaadistuudio","description":"Fassaadistuudio O&Uuml;","publisher":{"@id":"https:\/\/fassaadistuudio.ee\/#organization"},"potentialAction":[{"@type":"SearchAction","target":{"@type":"EntryPoint","urlTemplate":"https:\/\/fassaadistuudio.ee\/?s={search_term_string}"},"query-input":{"@type":"PropertyValueSpecification","valueRequired":true,"valueName":"search_term_string"}}],"inLanguage":"en-GB"},{"@type":"Organization","@id":"https:\/\/fassaadistuudio.ee\/#organization","name":"Fassaadistuudio","url":"https:\/\/fassaadistuudio.ee\/","logo":{"@type":"ImageObject","inLanguage":"en-GB","@id":"https:\/\/fassaadistuudio.ee\/#\/schema\/logo\/image\/","url":"https:\/\/fassaadistuudio.ee\/wp-content\/uploads\/2024\/04\/cropped-cropped-logo_transparent-1-1.png","contentUrl":"https:\/\/fassaadistuudio.ee\/wp-content\/uploads\/2024\/04\/cropped-cropped-logo_transparent-1-1.png","width":599,"height":598,"caption":"Fassaadistuudio"},"image":{"@id":"https:\/\/fassaadistuudio.ee\/#\/schema\/logo\/image\/"}}]}},"_links":{"self":[{"href":"https:\/\/fassaadistuudio.ee\/en\/wp-json\/wp\/v2\/pages\/414","targetHints":{"allow":["GET"]}}],"collection":[{"href":"https:\/\/fassaadistuudio.ee\/en\/wp-json\/wp\/v2\/pages"}],"about":[{"href":"https:\/\/fassaadistuudio.ee\/en\/wp-json\/wp\/v2\/types\/page"}],"author":[{"embeddable":true,"href":"https:\/\/fassaadistuudio.ee\/en\/wp-json\/wp\/v2\/users\/1"}],"replies":[{"embeddable":true,"href":"https:\/\/fassaadistuudio.ee\/en\/wp-json\/wp\/v2\/comments?post=414"}],"version-history":[{"count":10,"href":"https:\/\/fassaadistuudio.ee\/en\/wp-json\/wp\/v2\/pages\/414\/revisions"}],"predecessor-version":[{"id":2031,"href":"https:\/\/fassaadistuudio.ee\/en\/wp-json\/wp\/v2\/pages\/414\/revisions\/2031"}],"up":[{"embeddable":true,"href":"https:\/\/fassaadistuudio.ee\/en\/wp-json\/wp\/v2\/pages\/14"}],"wp:attachment":[{"href":"https:\/\/fassaadistuudio.ee\/en\/wp-json\/wp\/v2\/media?parent=414"}],"curies":[{"name":"wp","href":"https:\/\/api.w.org\/{rel}","templated":true}]}}