{"id":408,"date":"2024-04-09T10:19:03","date_gmt":"2024-04-09T10:19:03","guid":{"rendered":"https:\/\/fassaadistuudio.ee\/?page_id=408"},"modified":"2025-06-17T09:48:06","modified_gmt":"2025-06-17T09:48:06","slug":"metallfassaadid","status":"publish","type":"page","link":"https:\/\/fassaadistuudio.ee\/en\/tooted\/metallfassaadid\/","title":{"rendered":"Metal facades"},"content":{"rendered":"<style>.kb-row-layout-wrap.wp-block-kadence-rowlayout.kb-row-layout-id408_83ef8c-b0{margin-top:0px;margin-bottom:0px;}.kb-row-layout-id408_83ef8c-b0 > .kt-row-column-wrap{align-content:start;}:where(.kb-row-layout-id408_83ef8c-b0 > .kt-row-column-wrap) > .wp-block-kadence-column{justify-content:start;}.kb-row-layout-id408_83ef8c-b0 > .kt-row-column-wrap{column-gap:var(--global-kb-gap-none, 0rem );row-gap:var(--global-kb-gap-md, 2rem);max-width:var( --global-content-width, 1290px );padding-left:var(--global-content-edge-padding);padding-right:var(--global-content-edge-padding);padding-top:180px;padding-bottom:37px;grid-template-columns:minmax(0, 2fr) minmax(0, 1fr);}.kb-row-layout-id408_83ef8c-b0{background-image:url('https:\/\/fassaadistuudio.ee\/wp-content\/uploads\/2024\/04\/metallfassaad-1.jpg');background-size:cover;background-position:57.99999999999999% 69%;background-attachment:scroll;background-repeat:no-repeat;}.kb-row-layout-id408_83ef8c-b0 > .kt-row-layout-overlay{opacity:0.58;background-color:var(--global-palette1, #3182CE);}@media all and (max-width: 1024px){.kb-row-layout-id408_83ef8c-b0 > .kt-row-column-wrap{padding-top:var(--global-kb-spacing-4xl, 8rem);padding-bottom:var(--global-kb-spacing-md, 2rem);grid-template-columns:minmax(0, 2fr) minmax(0, 1fr);}}@media all and (max-width: 767px){.kb-row-layout-id408_83ef8c-b0 > .kt-row-column-wrap{grid-template-columns:minmax(0, 1fr);}}<\/style><div class=\"kb-row-layout-wrap kb-row-layout-id408_83ef8c-b0 alignfull kt-row-has-bg wp-block-kadence-rowlayout\"><div class=\"kt-row-layout-overlay kt-row-overlay-normal\"><\/div><div class=\"kt-row-column-wrap kt-has-2-columns kt-row-layout-left-golden kt-tab-layout-inherit kt-mobile-layout-row kt-row-valign-top kb-theme-content-width\">\n<style>.kadence-column408_9ae9e9-4d > .kt-inside-inner-col,.kadence-column408_9ae9e9-4d > .kt-inside-inner-col:before{border-top-left-radius:0px;border-top-right-radius:0px;border-bottom-right-radius:0px;border-bottom-left-radius:0px;}.kadence-column408_9ae9e9-4d > .kt-inside-inner-col{column-gap:var(--global-kb-gap-sm, 1rem);}.kadence-column408_9ae9e9-4d > .kt-inside-inner-col{flex-direction:column;}.kadence-column408_9ae9e9-4d > .kt-inside-inner-col > .aligncenter{width:100%;}.kadence-column408_9ae9e9-4d > .kt-inside-inner-col:before{opacity:0.3;}.kadence-column408_9ae9e9-4d{position:relative;}@media all and (max-width: 1024px){.kadence-column408_9ae9e9-4d > .kt-inside-inner-col{flex-direction:column;justify-content:center;}}@media all and (max-width: 767px){.kadence-column408_9ae9e9-4d > .kt-inside-inner-col{flex-direction:column;justify-content:center;}}<\/style>\n<div class=\"wp-block-kadence-column kadence-column408_9ae9e9-4d inner-column-1\"><div class=\"kt-inside-inner-col\"><style>.wp-block-kadence-advancedheading.kt-adv-heading408_448f41-fa, .wp-block-kadence-advancedheading.kt-adv-heading408_448f41-fa[data-kb-block=\"kb-adv-heading408_448f41-fa\"]{font-size:60px;line-height:1.1;font-style:normal;letter-spacing:-2px;}.wp-block-kadence-advancedheading.kt-adv-heading408_448f41-fa mark.kt-highlight, .wp-block-kadence-advancedheading.kt-adv-heading408_448f41-fa[data-kb-block=\"kb-adv-heading408_448f41-fa\"] mark.kt-highlight{font-style:normal;color:#f76a0c;-webkit-box-decoration-break:clone;box-decoration-break:clone;padding-top:0px;padding-right:0px;padding-bottom:0px;padding-left:0px;}.wp-block-kadence-advancedheading.kt-adv-heading408_448f41-fa img.kb-inline-image, .wp-block-kadence-advancedheading.kt-adv-heading408_448f41-fa[data-kb-block=\"kb-adv-heading408_448f41-fa\"] img.kb-inline-image{width:150px;vertical-align:baseline;}@media all and (max-width: 1024px){.wp-block-kadence-advancedheading.kt-adv-heading408_448f41-fa, .wp-block-kadence-advancedheading.kt-adv-heading408_448f41-fa[data-kb-block=\"kb-adv-heading408_448f41-fa\"]{letter-spacing:-1px;font-size:var(--global-kb-font-size-xxl, 4rem);line-height:1.3;}}@media all and (max-width: 767px){.wp-block-kadence-advancedheading.kt-adv-heading408_448f41-fa, .wp-block-kadence-advancedheading.kt-adv-heading408_448f41-fa[data-kb-block=\"kb-adv-heading408_448f41-fa\"]{font-size:45px;}}<\/style>\n<h1 class=\"kt-adv-heading408_448f41-fa wp-block-kadence-advancedheading has-theme-palette-9-color has-text-color\" data-kb-block=\"kb-adv-heading408_448f41-fa\">Metallfassaadid<\/h1>\n<\/div><\/div>\n\n\n<style>.kadence-column408_8c3261-bc > .kt-inside-inner-col,.kadence-column408_8c3261-bc > .kt-inside-inner-col:before{border-top-left-radius:0px;border-top-right-radius:0px;border-bottom-right-radius:0px;border-bottom-left-radius:0px;}.kadence-column408_8c3261-bc > .kt-inside-inner-col{column-gap:var(--global-kb-gap-sm, 1rem);}.kadence-column408_8c3261-bc > .kt-inside-inner-col{flex-direction:column;}.kadence-column408_8c3261-bc > .kt-inside-inner-col > .aligncenter{width:100%;}.kadence-column408_8c3261-bc > .kt-inside-inner-col:before{opacity:0.3;}.kadence-column408_8c3261-bc{position:relative;}@media all and (max-width: 1024px){.kadence-column408_8c3261-bc > .kt-inside-inner-col{flex-direction:column;justify-content:center;}}@media all and (max-width: 767px){.kadence-column408_8c3261-bc > .kt-inside-inner-col{flex-direction:column;justify-content:center;}}<\/style>\n<div class=\"wp-block-kadence-column kadence-column408_8c3261-bc\"><div class=\"kt-inside-inner-col\"><\/div><\/div>\n\n<\/div><\/div>\n\n\n<div style=\"height:83px\" aria-hidden=\"true\" class=\"wp-block-spacer\"><\/div>\n\n\n\n<p><strong>OMADUSED<\/strong><\/p>\n\n\n\n<p>Metallist fasssaadilahenduste abil on v\u00f5imalik projekt ellu viia just nii nagu Te soovite. Reljeef, kuju, muster ja v\u00e4rv on hoone fassaadil mitte v\u00e4hem oluline kui selle kestvus. Selle ainulaadne ja originaalne v\u00e4rv ja l\u00e4ige annab igale hoonele oma n\u00e4o.<\/p>\n\n\n\n<p> Metallist fassaadid v\u00f5tavad arvesse k\u00f5iki loetletud omadusi ja aitavad selle teoks teha. Meie valikus saadaval olevate fassaadikassettidega on v\u00f5imalik anda igale hoonele oma eriline n\u00e4gu, olgu see siis ostukeskus, pank, bensiinijaam v\u00f5i kontserdisaal. Ainulaadne v\u00e4limus on auv\u00e4\u00e4rne, \u00e4ratuntav ja s\u00e4rav. Valige ise endale sobiv fassaadiv\u00e4rv koos Teile sobiva mustriga ja saate t\u00f5elise kaasaegse arhitektuurilahenduse. Meie kujundused ja materjalid aitavad hoone fassaadi muuta selle visiitkaardiks. Meie jaoks on iga projekt ainulaadne ja eriline.<\/p>\n\n\n\n<p> Metallist Fassaadikassettide paksus on minimaalne, nende \u00fchendamine toimub siinide, klambrite ja kelkude abil. K\u00f5igest sellest tulenevalt on fassaadi disain kerge ja \u00f5huline, ilma n\u00e4htavate kinnitusteta. V\u00f5imalik on tellida nii standartseid fassaadikassette ning samuti on v\u00f5imalik tellida t\u00e4iesti ainulaadne disain vastavalt arhitekti n\u00e4gemusele. V\u00f5ib julgusega \u00f6elda, et saame pakkuda k\u00f5iki metallist fassaadilahendusi v\u00e4ga paindlike hindade ja kiirete valmistamisaegadega. Metall fassaadidele pakume ka paigaldust.<\/p>\n\n\n\n<div class=\"wp-block-buttons is-layout-flex wp-block-buttons-is-layout-flex\">\n<div class=\"wp-block-button\"><a class=\"wp-block-button__link wp-element-button\" href=\"https:\/\/fassaadistuudio.ee\/kontakt\/\">V\u00f5ta \u00fchendust<\/a><\/div>\n\n\n\n<div class=\"wp-block-button popmake-1269\"><a class=\"wp-block-button__link wp-element-button\">Tee p\u00e4ring<\/a><\/div>\n<\/div>\n","protected":false},"excerpt":{"rendered":"<p>Metallfassaadid OMADUSED Metallist fasssaadilahenduste abil on v\u00f5imalik projekt ellu viia just nii nagu Te soovite. Reljeef, kuju, muster ja v\u00e4rv on hoone fassaadil mitte v\u00e4hem oluline kui selle kestvus. Selle ainulaadne ja originaalne v\u00e4rv ja l\u00e4ige annab igale hoonele oma n\u00e4o. Metallist fassaadid v\u00f5tavad arvesse k\u00f5iki loetletud omadusi ja aitavad selle teoks teha. Meie valikus&#8230;<\/p>","protected":false},"author":1,"featured_media":0,"parent":14,"menu_order":0,"comment_status":"closed","ping_status":"closed","template":"","meta":{"_kadence_starter_templates_imported_post":false,"_kad_post_transparent":"enable","_kad_post_title":"hide","_kad_post_layout":"","_kad_post_sidebar_id":"","_kad_post_content_style":"","_kad_post_vertical_padding":"bottom","_kad_post_feature":"","_kad_post_feature_position":"","_kad_post_header":false,"_kad_post_footer":false,"_kad_post_classname":"","footnotes":""},"class_list":["post-408","page","type-page","status-publish","hentry"],"yoast_head":"<!-- This site is optimized with the Yoast SEO plugin v27.3 - https:\/\/yoast.com\/product\/yoast-seo-wordpress\/ -->\n<title>Metallfassaadid - Fassaadistuudio<\/title>\n<meta name=\"robots\" content=\"index, follow, max-snippet:-1, max-image-preview:large, max-video-preview:-1\" \/>\n<link rel=\"canonical\" href=\"https:\/\/fassaadistuudio.ee\/en\/tooted\/metallfassaadid\/\" \/>\n<meta property=\"og:locale\" content=\"en_GB\" \/>\n<meta property=\"og:type\" content=\"article\" \/>\n<meta property=\"og:title\" content=\"Metallfassaadid - Fassaadistuudio\" \/>\n<meta property=\"og:description\" content=\"Metallfassaadid OMADUSED Metallist fasssaadilahenduste abil on v\u00f5imalik projekt ellu viia just nii nagu Te soovite. Reljeef, kuju, muster ja v\u00e4rv on hoone fassaadil mitte v\u00e4hem oluline kui selle kestvus. Selle ainulaadne ja originaalne v\u00e4rv ja l\u00e4ige annab igale hoonele oma n\u00e4o. Metallist fassaadid v\u00f5tavad arvesse k\u00f5iki loetletud omadusi ja aitavad selle teoks teha. Meie valikus...\" \/>\n<meta property=\"og:url\" content=\"https:\/\/fassaadistuudio.ee\/en\/tooted\/metallfassaadid\/\" \/>\n<meta property=\"og:site_name\" content=\"Fassaadistuudio\" \/>\n<meta property=\"article:modified_time\" content=\"2025-06-17T09:48:06+00:00\" \/>\n<meta name=\"twitter:card\" content=\"summary_large_image\" \/>\n<script type=\"application\/ld+json\" class=\"yoast-schema-graph\">{\"@context\":\"https:\\\/\\\/schema.org\",\"@graph\":[{\"@type\":\"WebPage\",\"@id\":\"https:\\\/\\\/fassaadistuudio.ee\\\/tooted\\\/metallfassaadid\\\/\",\"url\":\"https:\\\/\\\/fassaadistuudio.ee\\\/tooted\\\/metallfassaadid\\\/\",\"name\":\"Metallfassaadid - Fassaadistuudio\",\"isPartOf\":{\"@id\":\"https:\\\/\\\/fassaadistuudio.ee\\\/#website\"},\"datePublished\":\"2024-04-09T10:19:03+00:00\",\"dateModified\":\"2025-06-17T09:48:06+00:00\",\"breadcrumb\":{\"@id\":\"https:\\\/\\\/fassaadistuudio.ee\\\/tooted\\\/metallfassaadid\\\/#breadcrumb\"},\"inLanguage\":\"en-GB\",\"potentialAction\":[{\"@type\":\"ReadAction\",\"target\":[\"https:\\\/\\\/fassaadistuudio.ee\\\/tooted\\\/metallfassaadid\\\/\"]}]},{\"@type\":\"BreadcrumbList\",\"@id\":\"https:\\\/\\\/fassaadistuudio.ee\\\/tooted\\\/metallfassaadid\\\/#breadcrumb\",\"itemListElement\":[{\"@type\":\"ListItem\",\"position\":1,\"name\":\"Home\",\"item\":\"https:\\\/\\\/fassaadistuudio.ee\\\/\"},{\"@type\":\"ListItem\",\"position\":2,\"name\":\"Tooted\",\"item\":\"https:\\\/\\\/fassaadistuudio.ee\\\/tooted\\\/\"},{\"@type\":\"ListItem\",\"position\":3,\"name\":\"Metallfassaadid\"}]},{\"@type\":\"WebSite\",\"@id\":\"https:\\\/\\\/fassaadistuudio.ee\\\/#website\",\"url\":\"https:\\\/\\\/fassaadistuudio.ee\\\/\",\"name\":\"Fassaadistuudio\",\"description\":\"Fassaadistuudio O&Uuml;\",\"publisher\":{\"@id\":\"https:\\\/\\\/fassaadistuudio.ee\\\/#organization\"},\"potentialAction\":[{\"@type\":\"SearchAction\",\"target\":{\"@type\":\"EntryPoint\",\"urlTemplate\":\"https:\\\/\\\/fassaadistuudio.ee\\\/?s={search_term_string}\"},\"query-input\":{\"@type\":\"PropertyValueSpecification\",\"valueRequired\":true,\"valueName\":\"search_term_string\"}}],\"inLanguage\":\"en-GB\"},{\"@type\":\"Organization\",\"@id\":\"https:\\\/\\\/fassaadistuudio.ee\\\/#organization\",\"name\":\"Fassaadistuudio\",\"url\":\"https:\\\/\\\/fassaadistuudio.ee\\\/\",\"logo\":{\"@type\":\"ImageObject\",\"inLanguage\":\"en-GB\",\"@id\":\"https:\\\/\\\/fassaadistuudio.ee\\\/#\\\/schema\\\/logo\\\/image\\\/\",\"url\":\"https:\\\/\\\/fassaadistuudio.ee\\\/wp-content\\\/uploads\\\/2024\\\/04\\\/cropped-cropped-logo_transparent-1-1.png\",\"contentUrl\":\"https:\\\/\\\/fassaadistuudio.ee\\\/wp-content\\\/uploads\\\/2024\\\/04\\\/cropped-cropped-logo_transparent-1-1.png\",\"width\":599,\"height\":598,\"caption\":\"Fassaadistuudio\"},\"image\":{\"@id\":\"https:\\\/\\\/fassaadistuudio.ee\\\/#\\\/schema\\\/logo\\\/image\\\/\"}}]}<\/script>\n<!-- \/ Yoast SEO plugin. -->","yoast_head_json":{"title":"Metallfassaadid - Fassaadistuudio","robots":{"index":"index","follow":"follow","max-snippet":"max-snippet:-1","max-image-preview":"max-image-preview:large","max-video-preview":"max-video-preview:-1"},"canonical":"https:\/\/fassaadistuudio.ee\/en\/tooted\/metallfassaadid\/","og_locale":"en_GB","og_type":"article","og_title":"Metallfassaadid - Fassaadistuudio","og_description":"Metallfassaadid OMADUSED Metallist fasssaadilahenduste abil on v\u00f5imalik projekt ellu viia just nii nagu Te soovite. Reljeef, kuju, muster ja v\u00e4rv on hoone fassaadil mitte v\u00e4hem oluline kui selle kestvus. Selle ainulaadne ja originaalne v\u00e4rv ja l\u00e4ige annab igale hoonele oma n\u00e4o. Metallist fassaadid v\u00f5tavad arvesse k\u00f5iki loetletud omadusi ja aitavad selle teoks teha. Meie valikus...","og_url":"https:\/\/fassaadistuudio.ee\/en\/tooted\/metallfassaadid\/","og_site_name":"Fassaadistuudio","article_modified_time":"2025-06-17T09:48:06+00:00","twitter_card":"summary_large_image","schema":{"@context":"https:\/\/schema.org","@graph":[{"@type":"WebPage","@id":"https:\/\/fassaadistuudio.ee\/tooted\/metallfassaadid\/","url":"https:\/\/fassaadistuudio.ee\/tooted\/metallfassaadid\/","name":"Metallfassaadid - Fassaadistuudio","isPartOf":{"@id":"https:\/\/fassaadistuudio.ee\/#website"},"datePublished":"2024-04-09T10:19:03+00:00","dateModified":"2025-06-17T09:48:06+00:00","breadcrumb":{"@id":"https:\/\/fassaadistuudio.ee\/tooted\/metallfassaadid\/#breadcrumb"},"inLanguage":"en-GB","potentialAction":[{"@type":"ReadAction","target":["https:\/\/fassaadistuudio.ee\/tooted\/metallfassaadid\/"]}]},{"@type":"BreadcrumbList","@id":"https:\/\/fassaadistuudio.ee\/tooted\/metallfassaadid\/#breadcrumb","itemListElement":[{"@type":"ListItem","position":1,"name":"Home","item":"https:\/\/fassaadistuudio.ee\/"},{"@type":"ListItem","position":2,"name":"Tooted","item":"https:\/\/fassaadistuudio.ee\/tooted\/"},{"@type":"ListItem","position":3,"name":"Metallfassaadid"}]},{"@type":"WebSite","@id":"https:\/\/fassaadistuudio.ee\/#website","url":"https:\/\/fassaadistuudio.ee\/","name":"Fassaadistuudio","description":"Fassaadistuudio O&Uuml;","publisher":{"@id":"https:\/\/fassaadistuudio.ee\/#organization"},"potentialAction":[{"@type":"SearchAction","target":{"@type":"EntryPoint","urlTemplate":"https:\/\/fassaadistuudio.ee\/?s={search_term_string}"},"query-input":{"@type":"PropertyValueSpecification","valueRequired":true,"valueName":"search_term_string"}}],"inLanguage":"en-GB"},{"@type":"Organization","@id":"https:\/\/fassaadistuudio.ee\/#organization","name":"Fassaadistuudio","url":"https:\/\/fassaadistuudio.ee\/","logo":{"@type":"ImageObject","inLanguage":"en-GB","@id":"https:\/\/fassaadistuudio.ee\/#\/schema\/logo\/image\/","url":"https:\/\/fassaadistuudio.ee\/wp-content\/uploads\/2024\/04\/cropped-cropped-logo_transparent-1-1.png","contentUrl":"https:\/\/fassaadistuudio.ee\/wp-content\/uploads\/2024\/04\/cropped-cropped-logo_transparent-1-1.png","width":599,"height":598,"caption":"Fassaadistuudio"},"image":{"@id":"https:\/\/fassaadistuudio.ee\/#\/schema\/logo\/image\/"}}]}},"_links":{"self":[{"href":"https:\/\/fassaadistuudio.ee\/en\/wp-json\/wp\/v2\/pages\/408","targetHints":{"allow":["GET"]}}],"collection":[{"href":"https:\/\/fassaadistuudio.ee\/en\/wp-json\/wp\/v2\/pages"}],"about":[{"href":"https:\/\/fassaadistuudio.ee\/en\/wp-json\/wp\/v2\/types\/page"}],"author":[{"embeddable":true,"href":"https:\/\/fassaadistuudio.ee\/en\/wp-json\/wp\/v2\/users\/1"}],"replies":[{"embeddable":true,"href":"https:\/\/fassaadistuudio.ee\/en\/wp-json\/wp\/v2\/comments?post=408"}],"version-history":[{"count":12,"href":"https:\/\/fassaadistuudio.ee\/en\/wp-json\/wp\/v2\/pages\/408\/revisions"}],"predecessor-version":[{"id":2099,"href":"https:\/\/fassaadistuudio.ee\/en\/wp-json\/wp\/v2\/pages\/408\/revisions\/2099"}],"up":[{"embeddable":true,"href":"https:\/\/fassaadistuudio.ee\/en\/wp-json\/wp\/v2\/pages\/14"}],"wp:attachment":[{"href":"https:\/\/fassaadistuudio.ee\/en\/wp-json\/wp\/v2\/media?parent=408"}],"curies":[{"name":"wp","href":"https:\/\/api.w.org\/{rel}","templated":true}]}}