{"id":1829,"date":"2025-05-03T15:05:35","date_gmt":"2025-05-03T15:05:35","guid":{"rendered":"https:\/\/fassaadistuudio.ee\/?page_id=1829"},"modified":"2026-04-05T12:01:01","modified_gmt":"2026-04-05T12:01:01","slug":"siinusplekk","status":"publish","type":"page","link":"https:\/\/fassaadistuudio.ee\/en\/tooted\/siinusplekk\/","title":{"rendered":"Siinus- ja disainprofiilplekid"},"content":{"rendered":"<style>.kb-row-layout-wrap.wp-block-kadence-rowlayout.kb-row-layout-id1829_110d31-b4{margin-top:0px;margin-bottom:0px;}.kb-row-layout-id1829_110d31-b4 > .kt-row-column-wrap{align-content:start;}:where(.kb-row-layout-id1829_110d31-b4 > .kt-row-column-wrap) > .wp-block-kadence-column{justify-content:start;}.kb-row-layout-id1829_110d31-b4 > .kt-row-column-wrap{column-gap:var(--global-kb-gap-none, 0rem );row-gap:var(--global-kb-gap-md, 2rem);max-width:var( --global-content-width, 1290px );padding-left:var(--global-content-edge-padding);padding-right:var(--global-content-edge-padding);padding-top:180px;padding-bottom:37px;grid-template-columns:minmax(0, 2fr) minmax(0, 1fr);}.kb-row-layout-id1829_110d31-b4{background-image:url('https:\/\/fassaadistuudio.ee\/wp-content\/uploads\/2025\/05\/81eOnhapr8L.jpg');background-size:cover;background-position:64% 22%;background-attachment:scroll;background-repeat:no-repeat;}.kb-row-layout-id1829_110d31-b4 > .kt-row-layout-overlay{opacity:0.58;background-color:var(--global-palette1, #3182CE);}@media all and (max-width: 1024px){.kb-row-layout-id1829_110d31-b4 > .kt-row-column-wrap{padding-top:var(--global-kb-spacing-4xl, 8rem);padding-bottom:var(--global-kb-spacing-md, 2rem);grid-template-columns:minmax(0, 2fr) minmax(0, 1fr);}}@media all and (max-width: 767px){.kb-row-layout-id1829_110d31-b4 > .kt-row-column-wrap{grid-template-columns:minmax(0, 1fr);}}<\/style><div class=\"kb-row-layout-wrap kb-row-layout-id1829_110d31-b4 alignfull kt-row-has-bg wp-block-kadence-rowlayout\"><div class=\"kt-row-layout-overlay kt-row-overlay-normal\"><\/div><div class=\"kt-row-column-wrap kt-has-2-columns kt-row-layout-left-golden kt-tab-layout-inherit kt-mobile-layout-row kt-row-valign-top kb-theme-content-width\">\n<style>.kadence-column1829_4af13e-c8 > .kt-inside-inner-col,.kadence-column1829_4af13e-c8 > .kt-inside-inner-col:before{border-top-left-radius:0px;border-top-right-radius:0px;border-bottom-right-radius:0px;border-bottom-left-radius:0px;}.kadence-column1829_4af13e-c8 > .kt-inside-inner-col{column-gap:var(--global-kb-gap-sm, 1rem);}.kadence-column1829_4af13e-c8 > .kt-inside-inner-col{flex-direction:column;}.kadence-column1829_4af13e-c8 > .kt-inside-inner-col > .aligncenter{width:100%;}.kadence-column1829_4af13e-c8 > .kt-inside-inner-col:before{opacity:0.3;}.kadence-column1829_4af13e-c8{position:relative;}@media all and (max-width: 1024px){.kadence-column1829_4af13e-c8 > .kt-inside-inner-col{flex-direction:column;justify-content:center;}}@media all and (max-width: 767px){.kadence-column1829_4af13e-c8 > .kt-inside-inner-col{flex-direction:column;justify-content:center;}}<\/style>\n<div class=\"wp-block-kadence-column kadence-column1829_4af13e-c8 inner-column-1\"><div class=\"kt-inside-inner-col\"><style>.wp-block-kadence-advancedheading.kt-adv-heading1829_d90144-ae, .wp-block-kadence-advancedheading.kt-adv-heading1829_d90144-ae[data-kb-block=\"kb-adv-heading1829_d90144-ae\"]{font-size:60px;line-height:1.1;font-style:normal;letter-spacing:-2px;}.wp-block-kadence-advancedheading.kt-adv-heading1829_d90144-ae mark.kt-highlight, .wp-block-kadence-advancedheading.kt-adv-heading1829_d90144-ae[data-kb-block=\"kb-adv-heading1829_d90144-ae\"] mark.kt-highlight{font-style:normal;color:#f76a0c;-webkit-box-decoration-break:clone;box-decoration-break:clone;padding-top:0px;padding-right:0px;padding-bottom:0px;padding-left:0px;}.wp-block-kadence-advancedheading.kt-adv-heading1829_d90144-ae img.kb-inline-image, .wp-block-kadence-advancedheading.kt-adv-heading1829_d90144-ae[data-kb-block=\"kb-adv-heading1829_d90144-ae\"] img.kb-inline-image{width:150px;vertical-align:baseline;}@media all and (max-width: 1024px){.wp-block-kadence-advancedheading.kt-adv-heading1829_d90144-ae, .wp-block-kadence-advancedheading.kt-adv-heading1829_d90144-ae[data-kb-block=\"kb-adv-heading1829_d90144-ae\"]{letter-spacing:-1px;font-size:var(--global-kb-font-size-xxl, 4rem);line-height:1.3;}}@media all and (max-width: 767px){.wp-block-kadence-advancedheading.kt-adv-heading1829_d90144-ae, .wp-block-kadence-advancedheading.kt-adv-heading1829_d90144-ae[data-kb-block=\"kb-adv-heading1829_d90144-ae\"]{font-size:45px;}}<\/style>\n<h1 class=\"kt-adv-heading1829_d90144-ae wp-block-kadence-advancedheading has-theme-palette-9-color has-text-color\" data-kb-block=\"kb-adv-heading1829_d90144-ae\">Siinus- ja disainprofiilplekid<\/h1>\n<\/div><\/div>\n\n\n<style>.kadence-column1829_cdcf23-8d > .kt-inside-inner-col,.kadence-column1829_cdcf23-8d > .kt-inside-inner-col:before{border-top-left-radius:0px;border-top-right-radius:0px;border-bottom-right-radius:0px;border-bottom-left-radius:0px;}.kadence-column1829_cdcf23-8d > .kt-inside-inner-col{column-gap:var(--global-kb-gap-sm, 1rem);}.kadence-column1829_cdcf23-8d > .kt-inside-inner-col{flex-direction:column;}.kadence-column1829_cdcf23-8d > .kt-inside-inner-col > .aligncenter{width:100%;}.kadence-column1829_cdcf23-8d > .kt-inside-inner-col:before{opacity:0.3;}.kadence-column1829_cdcf23-8d{position:relative;}@media all and (max-width: 1024px){.kadence-column1829_cdcf23-8d > .kt-inside-inner-col{flex-direction:column;justify-content:center;}}@media all and (max-width: 767px){.kadence-column1829_cdcf23-8d > .kt-inside-inner-col{flex-direction:column;justify-content:center;}}<\/style>\n<div class=\"wp-block-kadence-column kadence-column1829_cdcf23-8d\"><div class=\"kt-inside-inner-col\"><\/div><\/div>\n\n<\/div><\/div>\n\n\n<div style=\"height:100px\" aria-hidden=\"true\" class=\"wp-block-spacer\"><\/div>\n\n\n\n<p class=\"has-medium-font-size\">Siinusprofiilplekid on vastupidavad, ilmastikukindlad ja pakuvad palju disainiv\u00f5imalusi v\u00e4rvide, perforatsioonide ja laine m\u00f5\u00f5du osas. <\/p>\n\n\n\n<p>Valikus on:<\/p>\n\n\n\n<p> SP 18\/76<\/p>\n\n\n\n<p>SP 27\/111<\/p>\n\n\n\n<p>SP 46\/160<\/p>\n\n\n\n<p><\/p>\n\n\n\n<p><\/p>\n\n\n\n<p class=\"has-medium-font-size\"><\/p>\n\n\n\n<p><\/p>\n\n\n<style>.wp-block-kadence-advancedgallery.kb-gallery-wrap-id-1829_9181d8-99{overflow:hidden;}.kb-gallery-id-1829_9181d8-99 .kadence-blocks-gallery-item .kb-gal-image-radius, .kb-gallery-id-1829_9181d8-99 .kb-slide-item .kb-gal-image-radius img{border-radius:0px 0px 0px 0px;;}.kb-gallery-wrap-id-1829_9181d8-99.wp-block-kadence-advancedgallery{overflow:visible;}.kb-gallery-wrap-id-1829_9181d8-99.wp-block-kadence-advancedgallery .kt-blocks-carousel{overflow:visible;}<\/style><div class=\"kb-gallery-wrap-id-1829_9181d8-99 alignnone wp-block-kadence-advancedgallery\"><div class=\"kb-gallery-ul kb-gallery-non-static kb-gallery-type-carousel kb-gallery-id-1829_9181d8-99 kb-gallery-caption-style-bottom-hover kb-gallery-filter-none kb-gallery-magnific-init\" data-image-filter=\"none\" data-lightbox-caption=\"true\"><div class=\"kt-blocks-carousel splide kt-carousel-container-dotstyle-dark kt-carousel-arrowstyle-whiteondark kt-carousel-dotstyle-dark kb-slider-group-arrow kb-slider-arrow-position-center\" data-columns-xxl=\"3\" data-columns-xl=\"3\" data-columns-md=\"3\" data-columns-sm=\"2\" data-columns-xs=\"1\" data-columns-ss=\"1\" data-slider-anim-speed=\"400\" data-slider-scroll=\"1\" data-slider-arrows=\"true\" data-slider-dots=\"true\" data-slider-hover-pause=\"false\" data-slider-auto=\"\" data-slider-speed=\"7000\" data-slider-gap=\"10px\" data-slider-gap-tablet=\"10px\" data-slider-gap-mobile=\"10px\" data-show-pause-button=\"false\" data-slider-label=\"Photo Gallery Carousel\"><div class=\"splide__track\"><ul class=\"kt-blocks-carousel-init kb-gallery-carousel splide__list\"><li class=\"kb-slide-item kb-gallery-carousel-item splide__slide\"><div class=\"kadence-blocks-gallery-item\"><div class=\"kadence-blocks-gallery-item-inner\"><figure class=\"kb-gallery-figure kb-gallery-item-has-link kadence-blocks-gallery-item-hide-caption\"><a href=\"https:\/\/fassaadistuudio.ee\/wp-content\/uploads\/2025\/05\/81eOnhapr8L.jpg\" class=\"kb-gallery-item-link\"   role=\"button\" aria-haspopup=\"dialog\"><div class=\"kb-gal-image-radius\"><div class=\"kb-gallery-image-contain kadence-blocks-gallery-intrinsic kb-gallery-image-ratio-land32 kb-has-image-ratio-land32\" ><img loading=\"lazy\" decoding=\"async\" src=\"https:\/\/fassaadistuudio.ee\/wp-content\/uploads\/2025\/05\/81eOnhapr8L-1024x1024.jpg\" width=\"1024\" height=\"1024\" alt=\"\" data-full-image=\"https:\/\/fassaadistuudio.ee\/wp-content\/uploads\/2025\/05\/81eOnhapr8L.jpg\" data-light-image=\"https:\/\/fassaadistuudio.ee\/wp-content\/uploads\/2025\/05\/81eOnhapr8L.jpg\" data-id=\"1838\" class=\"wp-image-1838 skip-lazy\" srcset=\"https:\/\/fassaadistuudio.ee\/wp-content\/uploads\/2025\/05\/81eOnhapr8L-1024x1024.jpg 1024w, https:\/\/fassaadistuudio.ee\/wp-content\/uploads\/2025\/05\/81eOnhapr8L-300x300.jpg 300w, https:\/\/fassaadistuudio.ee\/wp-content\/uploads\/2025\/05\/81eOnhapr8L-150x150.jpg 150w, https:\/\/fassaadistuudio.ee\/wp-content\/uploads\/2025\/05\/81eOnhapr8L-768x768.jpg 768w, https:\/\/fassaadistuudio.ee\/wp-content\/uploads\/2025\/05\/81eOnhapr8L-1536x1536.jpg 1536w, https:\/\/fassaadistuudio.ee\/wp-content\/uploads\/2025\/05\/81eOnhapr8L-12x12.jpg 12w, https:\/\/fassaadistuudio.ee\/wp-content\/uploads\/2025\/05\/81eOnhapr8L.jpg 1601w\" sizes=\"auto, (max-width: 1024px) 100vw, 1024px\" \/><\/div><\/div><\/a><\/figure><\/div><\/div><\/li><li class=\"kb-slide-item kb-gallery-carousel-item splide__slide\"><div class=\"kadence-blocks-gallery-item\"><div class=\"kadence-blocks-gallery-item-inner\"><figure class=\"kb-gallery-figure kb-gallery-item-has-link kadence-blocks-gallery-item-hide-caption\"><a href=\"https:\/\/fassaadistuudio.ee\/wp-content\/uploads\/2025\/05\/csm_Proge-Wellblech-Stahl_61ff58b2df.jpg\" class=\"kb-gallery-item-link\"   role=\"button\" aria-haspopup=\"dialog\"><div class=\"kb-gal-image-radius\"><div class=\"kb-gallery-image-contain kadence-blocks-gallery-intrinsic kb-gallery-image-ratio-land32 kb-has-image-ratio-land32\" ><img loading=\"lazy\" decoding=\"async\" src=\"https:\/\/fassaadistuudio.ee\/wp-content\/uploads\/2025\/05\/csm_Proge-Wellblech-Stahl_61ff58b2df.jpg\" width=\"300\" height=\"199\" alt=\"\" data-full-image=\"https:\/\/fassaadistuudio.ee\/wp-content\/uploads\/2025\/05\/csm_Proge-Wellblech-Stahl_61ff58b2df.jpg\" data-light-image=\"https:\/\/fassaadistuudio.ee\/wp-content\/uploads\/2025\/05\/csm_Proge-Wellblech-Stahl_61ff58b2df.jpg\" data-id=\"1831\" class=\"wp-image-1831 skip-lazy\" srcset=\"https:\/\/fassaadistuudio.ee\/wp-content\/uploads\/2025\/05\/csm_Proge-Wellblech-Stahl_61ff58b2df.jpg 300w, https:\/\/fassaadistuudio.ee\/wp-content\/uploads\/2025\/05\/csm_Proge-Wellblech-Stahl_61ff58b2df-18x12.jpg 18w\" sizes=\"auto, (max-width: 300px) 100vw, 300px\" \/><\/div><\/div><\/a><\/figure><\/div><\/div><\/li><li class=\"kb-slide-item kb-gallery-carousel-item splide__slide\"><div class=\"kadence-blocks-gallery-item\"><div class=\"kadence-blocks-gallery-item-inner\"><figure class=\"kb-gallery-figure kb-gallery-item-has-link kadence-blocks-gallery-item-hide-caption\"><a href=\"https:\/\/fassaadistuudio.ee\/wp-content\/uploads\/2025\/05\/agro-black.jpg\" class=\"kb-gallery-item-link\"   role=\"button\" aria-haspopup=\"dialog\"><div class=\"kb-gal-image-radius\"><div class=\"kb-gallery-image-contain kadence-blocks-gallery-intrinsic kb-gallery-image-ratio-land32 kb-has-image-ratio-land32\" ><img loading=\"lazy\" decoding=\"async\" src=\"https:\/\/fassaadistuudio.ee\/wp-content\/uploads\/2025\/05\/agro-black.jpg\" width=\"1000\" height=\"1000\" alt=\"\" data-full-image=\"https:\/\/fassaadistuudio.ee\/wp-content\/uploads\/2025\/05\/agro-black.jpg\" data-light-image=\"https:\/\/fassaadistuudio.ee\/wp-content\/uploads\/2025\/05\/agro-black.jpg\" data-id=\"1840\" class=\"wp-image-1840 skip-lazy\" srcset=\"https:\/\/fassaadistuudio.ee\/wp-content\/uploads\/2025\/05\/agro-black.jpg 1000w, https:\/\/fassaadistuudio.ee\/wp-content\/uploads\/2025\/05\/agro-black-300x300.jpg 300w, https:\/\/fassaadistuudio.ee\/wp-content\/uploads\/2025\/05\/agro-black-150x150.jpg 150w, https:\/\/fassaadistuudio.ee\/wp-content\/uploads\/2025\/05\/agro-black-768x768.jpg 768w, https:\/\/fassaadistuudio.ee\/wp-content\/uploads\/2025\/05\/agro-black-12x12.jpg 12w\" sizes=\"auto, (max-width: 1000px) 100vw, 1000px\" \/><\/div><\/div><\/a><\/figure><\/div><\/div><\/li><\/ul><\/div><\/div><\/div><\/div>\n\n\n<div class=\"wp-block-buttons is-layout-flex wp-block-buttons-is-layout-flex\">\n<div class=\"wp-block-button\"><a class=\"wp-block-button__link wp-element-button\" href=\"https:\/\/fassaadistuudio.ee\/kontakt\/\">V\u00f5ta \u00fchendust<\/a><\/div>\n\n\n\n<div class=\"wp-block-button popmake-1269\"><a class=\"wp-block-button__link wp-element-button\">Tee p\u00e4ring<\/a><\/div>\n<\/div>\n","protected":false},"excerpt":{"rendered":"<p>Siinus- ja disainprofiilplekid Siinusprofiilplekid on vastupidavad, ilmastikukindlad ja pakuvad palju disainiv\u00f5imalusi v\u00e4rvide, perforatsioonide ja laine m\u00f5\u00f5du osas. Valikus on: SP 18\/76 SP 27\/111 SP 46\/160<\/p>","protected":false},"author":1,"featured_media":0,"parent":14,"menu_order":0,"comment_status":"closed","ping_status":"closed","template":"","meta":{"_kadence_starter_templates_imported_post":false,"_kad_post_transparent":"enable","_kad_post_title":"hide","_kad_post_layout":"","_kad_post_sidebar_id":"","_kad_post_content_style":"","_kad_post_vertical_padding":"bottom","_kad_post_feature":"","_kad_post_feature_position":"","_kad_post_header":false,"_kad_post_footer":false,"_kad_post_classname":"","footnotes":""},"class_list":["post-1829","page","type-page","status-publish","hentry"],"yoast_head":"<!-- This site is optimized with the Yoast SEO plugin v27.3 - https:\/\/yoast.com\/product\/yoast-seo-wordpress\/ -->\n<title>Siinus- ja disainprofiilplekid - Fassaadistuudio<\/title>\n<meta name=\"robots\" content=\"index, follow, max-snippet:-1, max-image-preview:large, max-video-preview:-1\" \/>\n<link rel=\"canonical\" href=\"https:\/\/fassaadistuudio.ee\/en\/tooted\/siinusplekk\/\" \/>\n<meta property=\"og:locale\" content=\"en_GB\" \/>\n<meta property=\"og:type\" content=\"article\" \/>\n<meta property=\"og:title\" content=\"Siinus- ja disainprofiilplekid - Fassaadistuudio\" \/>\n<meta property=\"og:description\" content=\"Siinus- ja disainprofiilplekid Siinusprofiilplekid on vastupidavad, ilmastikukindlad ja pakuvad palju disainiv\u00f5imalusi v\u00e4rvide, perforatsioonide ja laine m\u00f5\u00f5du osas. Valikus on: SP 18\/76 SP 27\/111 SP 46\/160\" \/>\n<meta property=\"og:url\" content=\"https:\/\/fassaadistuudio.ee\/en\/tooted\/siinusplekk\/\" \/>\n<meta property=\"og:site_name\" content=\"Fassaadistuudio\" \/>\n<meta property=\"article:modified_time\" content=\"2026-04-05T12:01:01+00:00\" \/>\n<meta name=\"twitter:card\" content=\"summary_large_image\" \/>\n<meta name=\"twitter:label1\" content=\"Estimated reading time\" \/>\n\t<meta name=\"twitter:data1\" content=\"1 minute\" \/>\n<script type=\"application\/ld+json\" class=\"yoast-schema-graph\">{\"@context\":\"https:\\\/\\\/schema.org\",\"@graph\":[{\"@type\":[\"WebPage\",\"ItemPage\"],\"@id\":\"https:\\\/\\\/fassaadistuudio.ee\\\/tooted\\\/siinusplekk\\\/\",\"url\":\"https:\\\/\\\/fassaadistuudio.ee\\\/tooted\\\/siinusplekk\\\/\",\"name\":\"Siinus- ja disainprofiilplekid - Fassaadistuudio\",\"isPartOf\":{\"@id\":\"https:\\\/\\\/fassaadistuudio.ee\\\/#website\"},\"datePublished\":\"2025-05-03T15:05:35+00:00\",\"dateModified\":\"2026-04-05T12:01:01+00:00\",\"breadcrumb\":{\"@id\":\"https:\\\/\\\/fassaadistuudio.ee\\\/tooted\\\/siinusplekk\\\/#breadcrumb\"},\"inLanguage\":\"en-GB\",\"potentialAction\":[{\"@type\":\"ReadAction\",\"target\":[\"https:\\\/\\\/fassaadistuudio.ee\\\/tooted\\\/siinusplekk\\\/\"]}]},{\"@type\":\"BreadcrumbList\",\"@id\":\"https:\\\/\\\/fassaadistuudio.ee\\\/tooted\\\/siinusplekk\\\/#breadcrumb\",\"itemListElement\":[{\"@type\":\"ListItem\",\"position\":1,\"name\":\"Home\",\"item\":\"https:\\\/\\\/fassaadistuudio.ee\\\/\"},{\"@type\":\"ListItem\",\"position\":2,\"name\":\"Tooted\",\"item\":\"https:\\\/\\\/fassaadistuudio.ee\\\/tooted\\\/\"},{\"@type\":\"ListItem\",\"position\":3,\"name\":\"Siinus- ja disainprofiilplekid\"}]},{\"@type\":\"WebSite\",\"@id\":\"https:\\\/\\\/fassaadistuudio.ee\\\/#website\",\"url\":\"https:\\\/\\\/fassaadistuudio.ee\\\/\",\"name\":\"Fassaadistuudio\",\"description\":\"Fassaadistuudio O&Uuml;\",\"publisher\":{\"@id\":\"https:\\\/\\\/fassaadistuudio.ee\\\/#organization\"},\"potentialAction\":[{\"@type\":\"SearchAction\",\"target\":{\"@type\":\"EntryPoint\",\"urlTemplate\":\"https:\\\/\\\/fassaadistuudio.ee\\\/?s={search_term_string}\"},\"query-input\":{\"@type\":\"PropertyValueSpecification\",\"valueRequired\":true,\"valueName\":\"search_term_string\"}}],\"inLanguage\":\"en-GB\"},{\"@type\":\"Organization\",\"@id\":\"https:\\\/\\\/fassaadistuudio.ee\\\/#organization\",\"name\":\"Fassaadistuudio\",\"url\":\"https:\\\/\\\/fassaadistuudio.ee\\\/\",\"logo\":{\"@type\":\"ImageObject\",\"inLanguage\":\"en-GB\",\"@id\":\"https:\\\/\\\/fassaadistuudio.ee\\\/#\\\/schema\\\/logo\\\/image\\\/\",\"url\":\"https:\\\/\\\/fassaadistuudio.ee\\\/wp-content\\\/uploads\\\/2024\\\/04\\\/cropped-cropped-logo_transparent-1-1.png\",\"contentUrl\":\"https:\\\/\\\/fassaadistuudio.ee\\\/wp-content\\\/uploads\\\/2024\\\/04\\\/cropped-cropped-logo_transparent-1-1.png\",\"width\":599,\"height\":598,\"caption\":\"Fassaadistuudio\"},\"image\":{\"@id\":\"https:\\\/\\\/fassaadistuudio.ee\\\/#\\\/schema\\\/logo\\\/image\\\/\"}}]}<\/script>\n<!-- \/ Yoast SEO plugin. -->","yoast_head_json":{"title":"Siinus- ja disainprofiilplekid - Fassaadistuudio","robots":{"index":"index","follow":"follow","max-snippet":"max-snippet:-1","max-image-preview":"max-image-preview:large","max-video-preview":"max-video-preview:-1"},"canonical":"https:\/\/fassaadistuudio.ee\/en\/tooted\/siinusplekk\/","og_locale":"en_GB","og_type":"article","og_title":"Siinus- ja disainprofiilplekid - Fassaadistuudio","og_description":"Siinus- ja disainprofiilplekid Siinusprofiilplekid on vastupidavad, ilmastikukindlad ja pakuvad palju disainiv\u00f5imalusi v\u00e4rvide, perforatsioonide ja laine m\u00f5\u00f5du osas. Valikus on: SP 18\/76 SP 27\/111 SP 46\/160","og_url":"https:\/\/fassaadistuudio.ee\/en\/tooted\/siinusplekk\/","og_site_name":"Fassaadistuudio","article_modified_time":"2026-04-05T12:01:01+00:00","twitter_card":"summary_large_image","twitter_misc":{"Estimated reading time":"1 minute"},"schema":{"@context":"https:\/\/schema.org","@graph":[{"@type":["WebPage","ItemPage"],"@id":"https:\/\/fassaadistuudio.ee\/tooted\/siinusplekk\/","url":"https:\/\/fassaadistuudio.ee\/tooted\/siinusplekk\/","name":"Siinus- ja disainprofiilplekid - Fassaadistuudio","isPartOf":{"@id":"https:\/\/fassaadistuudio.ee\/#website"},"datePublished":"2025-05-03T15:05:35+00:00","dateModified":"2026-04-05T12:01:01+00:00","breadcrumb":{"@id":"https:\/\/fassaadistuudio.ee\/tooted\/siinusplekk\/#breadcrumb"},"inLanguage":"en-GB","potentialAction":[{"@type":"ReadAction","target":["https:\/\/fassaadistuudio.ee\/tooted\/siinusplekk\/"]}]},{"@type":"BreadcrumbList","@id":"https:\/\/fassaadistuudio.ee\/tooted\/siinusplekk\/#breadcrumb","itemListElement":[{"@type":"ListItem","position":1,"name":"Home","item":"https:\/\/fassaadistuudio.ee\/"},{"@type":"ListItem","position":2,"name":"Tooted","item":"https:\/\/fassaadistuudio.ee\/tooted\/"},{"@type":"ListItem","position":3,"name":"Siinus- ja disainprofiilplekid"}]},{"@type":"WebSite","@id":"https:\/\/fassaadistuudio.ee\/#website","url":"https:\/\/fassaadistuudio.ee\/","name":"Fassaadistuudio","description":"Fassaadistuudio O&Uuml;","publisher":{"@id":"https:\/\/fassaadistuudio.ee\/#organization"},"potentialAction":[{"@type":"SearchAction","target":{"@type":"EntryPoint","urlTemplate":"https:\/\/fassaadistuudio.ee\/?s={search_term_string}"},"query-input":{"@type":"PropertyValueSpecification","valueRequired":true,"valueName":"search_term_string"}}],"inLanguage":"en-GB"},{"@type":"Organization","@id":"https:\/\/fassaadistuudio.ee\/#organization","name":"Fassaadistuudio","url":"https:\/\/fassaadistuudio.ee\/","logo":{"@type":"ImageObject","inLanguage":"en-GB","@id":"https:\/\/fassaadistuudio.ee\/#\/schema\/logo\/image\/","url":"https:\/\/fassaadistuudio.ee\/wp-content\/uploads\/2024\/04\/cropped-cropped-logo_transparent-1-1.png","contentUrl":"https:\/\/fassaadistuudio.ee\/wp-content\/uploads\/2024\/04\/cropped-cropped-logo_transparent-1-1.png","width":599,"height":598,"caption":"Fassaadistuudio"},"image":{"@id":"https:\/\/fassaadistuudio.ee\/#\/schema\/logo\/image\/"}}]}},"_links":{"self":[{"href":"https:\/\/fassaadistuudio.ee\/en\/wp-json\/wp\/v2\/pages\/1829","targetHints":{"allow":["GET"]}}],"collection":[{"href":"https:\/\/fassaadistuudio.ee\/en\/wp-json\/wp\/v2\/pages"}],"about":[{"href":"https:\/\/fassaadistuudio.ee\/en\/wp-json\/wp\/v2\/types\/page"}],"author":[{"embeddable":true,"href":"https:\/\/fassaadistuudio.ee\/en\/wp-json\/wp\/v2\/users\/1"}],"replies":[{"embeddable":true,"href":"https:\/\/fassaadistuudio.ee\/en\/wp-json\/wp\/v2\/comments?post=1829"}],"version-history":[{"count":10,"href":"https:\/\/fassaadistuudio.ee\/en\/wp-json\/wp\/v2\/pages\/1829\/revisions"}],"predecessor-version":[{"id":2240,"href":"https:\/\/fassaadistuudio.ee\/en\/wp-json\/wp\/v2\/pages\/1829\/revisions\/2240"}],"up":[{"embeddable":true,"href":"https:\/\/fassaadistuudio.ee\/en\/wp-json\/wp\/v2\/pages\/14"}],"wp:attachment":[{"href":"https:\/\/fassaadistuudio.ee\/en\/wp-json\/wp\/v2\/media?parent=1829"}],"curies":[{"name":"wp","href":"https:\/\/api.w.org\/{rel}","templated":true}]}}