{"id":1785,"date":"2025-05-03T13:49:00","date_gmt":"2025-05-03T13:49:00","guid":{"rendered":"https:\/\/fassaadistuudio.ee\/?page_id=1785"},"modified":"2025-06-17T07:36:47","modified_gmt":"2025-06-17T07:36:47","slug":"fiiberbetoon-fassaadiplaadid","status":"publish","type":"page","link":"https:\/\/fassaadistuudio.ee\/en\/tooted\/fiiberbetoon-fassaadiplaadid\/","title":{"rendered":"Glass fiber infused concrete facades"},"content":{"rendered":"<style>.kb-row-layout-wrap.wp-block-kadence-rowlayout.kb-row-layout-id1785_2e9a4d-1c{margin-top:0px;margin-bottom:0px;}.kb-row-layout-id1785_2e9a4d-1c > .kt-row-column-wrap{align-content:start;}:where(.kb-row-layout-id1785_2e9a4d-1c > .kt-row-column-wrap) > .wp-block-kadence-column{justify-content:start;}.kb-row-layout-id1785_2e9a4d-1c > .kt-row-column-wrap{column-gap:var(--global-kb-gap-none, 0rem );row-gap:var(--global-kb-gap-md, 2rem);max-width:var( --global-content-width, 1290px );padding-left:var(--global-content-edge-padding);padding-right:var(--global-content-edge-padding);padding-top:180px;padding-bottom:37px;grid-template-columns:minmax(0, 2fr) minmax(0, 1fr);}.kb-row-layout-id1785_2e9a4d-1c{background-image:url('https:\/\/fassaadistuudio.ee\/wp-content\/uploads\/2025\/05\/fixfas.eu-dako-grc-klaas-fiiberbetoonist-fassaadid-dako-grc-fixfas.eu-.1-1-768x438-1.webp');background-size:cover;background-position:57.99999999999999% 69%;background-attachment:scroll;background-repeat:no-repeat;}.kb-row-layout-id1785_2e9a4d-1c > .kt-row-layout-overlay{opacity:0.58;background-color:var(--global-palette1, #3182CE);}@media all and (max-width: 1024px){.kb-row-layout-id1785_2e9a4d-1c > .kt-row-column-wrap{padding-top:var(--global-kb-spacing-4xl, 8rem);padding-bottom:var(--global-kb-spacing-md, 2rem);grid-template-columns:minmax(0, 2fr) minmax(0, 1fr);}}@media all and (max-width: 767px){.kb-row-layout-id1785_2e9a4d-1c > .kt-row-column-wrap{grid-template-columns:minmax(0, 1fr);}}<\/style><div class=\"kb-row-layout-wrap kb-row-layout-id1785_2e9a4d-1c alignfull kt-row-has-bg wp-block-kadence-rowlayout\"><div class=\"kt-row-layout-overlay kt-row-overlay-normal\"><\/div><div class=\"kt-row-column-wrap kt-has-2-columns kt-row-layout-left-golden kt-tab-layout-inherit kt-mobile-layout-row kt-row-valign-top kb-theme-content-width\">\n<style>.kadence-column1785_7f8da3-53 > .kt-inside-inner-col,.kadence-column1785_7f8da3-53 > .kt-inside-inner-col:before{border-top-left-radius:0px;border-top-right-radius:0px;border-bottom-right-radius:0px;border-bottom-left-radius:0px;}.kadence-column1785_7f8da3-53 > .kt-inside-inner-col{column-gap:var(--global-kb-gap-sm, 1rem);}.kadence-column1785_7f8da3-53 > .kt-inside-inner-col{flex-direction:column;}.kadence-column1785_7f8da3-53 > .kt-inside-inner-col > .aligncenter{width:100%;}.kadence-column1785_7f8da3-53 > .kt-inside-inner-col:before{opacity:0.3;}.kadence-column1785_7f8da3-53{position:relative;}@media all and (max-width: 1024px){.kadence-column1785_7f8da3-53 > .kt-inside-inner-col{flex-direction:column;justify-content:center;}}@media all and (max-width: 767px){.kadence-column1785_7f8da3-53 > .kt-inside-inner-col{flex-direction:column;justify-content:center;}}<\/style>\n<div class=\"wp-block-kadence-column kadence-column1785_7f8da3-53 inner-column-1\"><div class=\"kt-inside-inner-col\"><style>.wp-block-kadence-advancedheading.kt-adv-heading1785_b9fea8-c9, .wp-block-kadence-advancedheading.kt-adv-heading1785_b9fea8-c9[data-kb-block=\"kb-adv-heading1785_b9fea8-c9\"]{font-size:60px;line-height:1.1;font-style:normal;letter-spacing:-2px;}.wp-block-kadence-advancedheading.kt-adv-heading1785_b9fea8-c9 mark.kt-highlight, .wp-block-kadence-advancedheading.kt-adv-heading1785_b9fea8-c9[data-kb-block=\"kb-adv-heading1785_b9fea8-c9\"] mark.kt-highlight{font-style:normal;color:#f76a0c;-webkit-box-decoration-break:clone;box-decoration-break:clone;padding-top:0px;padding-right:0px;padding-bottom:0px;padding-left:0px;}.wp-block-kadence-advancedheading.kt-adv-heading1785_b9fea8-c9 img.kb-inline-image, .wp-block-kadence-advancedheading.kt-adv-heading1785_b9fea8-c9[data-kb-block=\"kb-adv-heading1785_b9fea8-c9\"] img.kb-inline-image{width:150px;vertical-align:baseline;}@media all and (max-width: 1024px){.wp-block-kadence-advancedheading.kt-adv-heading1785_b9fea8-c9, .wp-block-kadence-advancedheading.kt-adv-heading1785_b9fea8-c9[data-kb-block=\"kb-adv-heading1785_b9fea8-c9\"]{letter-spacing:-1px;font-size:var(--global-kb-font-size-xxl, 4rem);line-height:1.3;}}@media all and (max-width: 767px){.wp-block-kadence-advancedheading.kt-adv-heading1785_b9fea8-c9, .wp-block-kadence-advancedheading.kt-adv-heading1785_b9fea8-c9[data-kb-block=\"kb-adv-heading1785_b9fea8-c9\"]{font-size:45px;}}<\/style>\n<h1 class=\"kt-adv-heading1785_b9fea8-c9 wp-block-kadence-advancedheading has-theme-palette-9-color has-text-color\" data-kb-block=\"kb-adv-heading1785_b9fea8-c9\">Fiiberbetoon fassaadiplaadid<\/h1>\n<\/div><\/div>\n\n\n<style>.kadence-column1785_b1ca17-ed > .kt-inside-inner-col,.kadence-column1785_b1ca17-ed > .kt-inside-inner-col:before{border-top-left-radius:0px;border-top-right-radius:0px;border-bottom-right-radius:0px;border-bottom-left-radius:0px;}.kadence-column1785_b1ca17-ed > .kt-inside-inner-col{column-gap:var(--global-kb-gap-sm, 1rem);}.kadence-column1785_b1ca17-ed > .kt-inside-inner-col{flex-direction:column;}.kadence-column1785_b1ca17-ed > .kt-inside-inner-col > .aligncenter{width:100%;}.kadence-column1785_b1ca17-ed > .kt-inside-inner-col:before{opacity:0.3;}.kadence-column1785_b1ca17-ed{position:relative;}@media all and (max-width: 1024px){.kadence-column1785_b1ca17-ed > .kt-inside-inner-col{flex-direction:column;justify-content:center;}}@media all and (max-width: 767px){.kadence-column1785_b1ca17-ed > .kt-inside-inner-col{flex-direction:column;justify-content:center;}}<\/style>\n<div class=\"wp-block-kadence-column kadence-column1785_b1ca17-ed\"><div class=\"kt-inside-inner-col\"><\/div><\/div>\n\n<\/div><\/div>\n\n\n<div style=\"height:83px\" aria-hidden=\"true\" class=\"wp-block-spacer\"><\/div>\n\n\n\n<p><strong>OMADUSED<\/strong><\/p>\n\n\n\n<p>Klaasfiiberbetoon (Glass fiber reinforced concrete) on klaaskiududega tugevdatud betoonist ehitusmaterjal. Oma heade f\u00fc\u00fcsikalis-mehaaniliste omaduste t\u00f5ttu kasutatakse klaasfiiberbetooni laialdaselt arhitektuuris ja tsiviilehituses.<\/p>\n\n\n\n<ul class=\"wp-block-list\">\n<li>Naturaalne ja ajatu v\u00e4limus<\/li>\n\n\n\n<li>Suureformaadilisus<\/li>\n\n\n\n<li>Piiramatud vormimise v\u00f5imalused<\/li>\n\n\n\n<li>Disainivabadus kujundada erilisi elemente<\/li>\n<\/ul>\n\n\n\n<p>Selle materjali suur eelis tuleneb klaaskiu sisaldusest, mis annab DAKO GRC klaasfiiberbetoonist elementidele tugevuse ja vastupidavuse. Samas s\u00e4ilitades suhteliselt v\u00e4ikese kaalu.<\/p>\n\n\n\n<p><em><strong>Toota saab massiivseid elemente, maksimaalne elemendi m\u00f5\u00f5t 20m\u00b2<\/strong><\/em><\/p>\n\n\n<style>.wp-block-kadence-advancedgallery.kb-gallery-wrap-id-1785_bf9120-90{overflow:hidden;}.kb-gallery-id-1785_bf9120-90 .kadence-blocks-gallery-item .kb-gal-image-radius, .kb-gallery-id-1785_bf9120-90 .kb-slide-item .kb-gal-image-radius img{border-radius:0px 0px 0px 0px;;}.kb-gallery-wrap-id-1785_bf9120-90.wp-block-kadence-advancedgallery{overflow:visible;}.kb-gallery-wrap-id-1785_bf9120-90.wp-block-kadence-advancedgallery .kt-blocks-carousel{overflow:visible;}<\/style><div class=\"kb-gallery-wrap-id-1785_bf9120-90 alignnone wp-block-kadence-advancedgallery\"><div class=\"kb-gallery-ul kb-gallery-non-static kb-gallery-type-carousel kb-gallery-id-1785_bf9120-90 kb-gallery-caption-style-bottom-hover kb-gallery-filter-none kb-gallery-magnific-init\" data-image-filter=\"none\" data-lightbox-caption=\"true\"><div class=\"kt-blocks-carousel splide kt-carousel-container-dotstyle-dark kt-carousel-arrowstyle-whiteondark kt-carousel-dotstyle-dark kb-slider-group-arrow kb-slider-arrow-position-center\" data-columns-xxl=\"3\" data-columns-xl=\"3\" data-columns-md=\"3\" data-columns-sm=\"2\" data-columns-xs=\"1\" data-columns-ss=\"1\" data-slider-anim-speed=\"400\" data-slider-scroll=\"1\" data-slider-arrows=\"true\" data-slider-dots=\"true\" data-slider-hover-pause=\"false\" data-slider-auto=\"\" data-slider-speed=\"7000\" data-slider-gap=\"10px\" data-slider-gap-tablet=\"10px\" data-slider-gap-mobile=\"10px\" data-show-pause-button=\"false\" data-slider-label=\"Photo Gallery Carousel\"><div class=\"splide__track\"><ul class=\"kt-blocks-carousel-init kb-gallery-carousel splide__list\"><li class=\"kb-slide-item kb-gallery-carousel-item splide__slide\"><div class=\"kadence-blocks-gallery-item\"><div class=\"kadence-blocks-gallery-item-inner\"><figure class=\"kb-gallery-figure kb-gallery-item-has-link kadence-blocks-gallery-item-hide-caption\"><a href=\"https:\/\/fassaadistuudio.ee\/wp-content\/uploads\/2025\/05\/fixfas.eu-dako-grc-klaas-fiiberbetoonist-fassaadid-dako-grc-fixfas.eu-.1-1-768x438-1.webp\" class=\"kb-gallery-item-link\"   role=\"button\" aria-haspopup=\"dialog\"><div class=\"kb-gal-image-radius\"><div class=\"kb-gallery-image-contain kadence-blocks-gallery-intrinsic kb-gallery-image-ratio-land32 kb-has-image-ratio-land32\" ><img loading=\"lazy\" decoding=\"async\" src=\"https:\/\/fassaadistuudio.ee\/wp-content\/uploads\/2025\/05\/fixfas.eu-dako-grc-klaas-fiiberbetoonist-fassaadid-dako-grc-fixfas.eu-.1-1-768x438-1.webp\" width=\"768\" height=\"438\" alt=\"\" data-full-image=\"https:\/\/fassaadistuudio.ee\/wp-content\/uploads\/2025\/05\/fixfas.eu-dako-grc-klaas-fiiberbetoonist-fassaadid-dako-grc-fixfas.eu-.1-1-768x438-1.webp\" data-light-image=\"https:\/\/fassaadistuudio.ee\/wp-content\/uploads\/2025\/05\/fixfas.eu-dako-grc-klaas-fiiberbetoonist-fassaadid-dako-grc-fixfas.eu-.1-1-768x438-1.webp\" data-id=\"1791\" class=\"wp-image-1791 skip-lazy\" srcset=\"https:\/\/fassaadistuudio.ee\/wp-content\/uploads\/2025\/05\/fixfas.eu-dako-grc-klaas-fiiberbetoonist-fassaadid-dako-grc-fixfas.eu-.1-1-768x438-1.webp 768w, https:\/\/fassaadistuudio.ee\/wp-content\/uploads\/2025\/05\/fixfas.eu-dako-grc-klaas-fiiberbetoonist-fassaadid-dako-grc-fixfas.eu-.1-1-768x438-1-300x171.webp 300w, https:\/\/fassaadistuudio.ee\/wp-content\/uploads\/2025\/05\/fixfas.eu-dako-grc-klaas-fiiberbetoonist-fassaadid-dako-grc-fixfas.eu-.1-1-768x438-1-18x10.webp 18w\" sizes=\"auto, (max-width: 768px) 100vw, 768px\" \/><\/div><\/div><\/a><\/figure><\/div><\/div><\/li><li class=\"kb-slide-item kb-gallery-carousel-item splide__slide\"><div class=\"kadence-blocks-gallery-item\"><div class=\"kadence-blocks-gallery-item-inner\"><figure class=\"kb-gallery-figure kb-gallery-item-has-link kadence-blocks-gallery-item-hide-caption\"><a href=\"https:\/\/fassaadistuudio.ee\/wp-content\/uploads\/2025\/05\/fixfas.eu-dako-grc-klaas-fiiberbetoonist-fassaadid-dako-grc-fixfas.eu-sots.12-770x1024-1.webp\" class=\"kb-gallery-item-link\"   role=\"button\" aria-haspopup=\"dialog\"><div class=\"kb-gal-image-radius\"><div class=\"kb-gallery-image-contain kadence-blocks-gallery-intrinsic kb-gallery-image-ratio-land32 kb-has-image-ratio-land32\" ><img loading=\"lazy\" decoding=\"async\" src=\"https:\/\/fassaadistuudio.ee\/wp-content\/uploads\/2025\/05\/fixfas.eu-dako-grc-klaas-fiiberbetoonist-fassaadid-dako-grc-fixfas.eu-sots.12-770x1024-1.webp\" width=\"770\" height=\"1024\" alt=\"\" data-full-image=\"https:\/\/fassaadistuudio.ee\/wp-content\/uploads\/2025\/05\/fixfas.eu-dako-grc-klaas-fiiberbetoonist-fassaadid-dako-grc-fixfas.eu-sots.12-770x1024-1.webp\" data-light-image=\"https:\/\/fassaadistuudio.ee\/wp-content\/uploads\/2025\/05\/fixfas.eu-dako-grc-klaas-fiiberbetoonist-fassaadid-dako-grc-fixfas.eu-sots.12-770x1024-1.webp\" data-id=\"1790\" class=\"wp-image-1790 skip-lazy\" srcset=\"https:\/\/fassaadistuudio.ee\/wp-content\/uploads\/2025\/05\/fixfas.eu-dako-grc-klaas-fiiberbetoonist-fassaadid-dako-grc-fixfas.eu-sots.12-770x1024-1.webp 770w, https:\/\/fassaadistuudio.ee\/wp-content\/uploads\/2025\/05\/fixfas.eu-dako-grc-klaas-fiiberbetoonist-fassaadid-dako-grc-fixfas.eu-sots.12-770x1024-1-226x300.webp 226w, https:\/\/fassaadistuudio.ee\/wp-content\/uploads\/2025\/05\/fixfas.eu-dako-grc-klaas-fiiberbetoonist-fassaadid-dako-grc-fixfas.eu-sots.12-770x1024-1-768x1021.webp 768w, https:\/\/fassaadistuudio.ee\/wp-content\/uploads\/2025\/05\/fixfas.eu-dako-grc-klaas-fiiberbetoonist-fassaadid-dako-grc-fixfas.eu-sots.12-770x1024-1-9x12.webp 9w\" sizes=\"auto, (max-width: 770px) 100vw, 770px\" \/><\/div><\/div><\/a><\/figure><\/div><\/div><\/li><li class=\"kb-slide-item kb-gallery-carousel-item splide__slide\"><div class=\"kadence-blocks-gallery-item\"><div class=\"kadence-blocks-gallery-item-inner\"><figure class=\"kb-gallery-figure kb-gallery-item-has-link kadence-blocks-gallery-item-hide-caption\"><a href=\"https:\/\/fassaadistuudio.ee\/wp-content\/uploads\/2025\/05\/fixfas.eu-dako-grc-klaas-fiiberbetoonist-fassaadid-dako-grc-fixfas.eu-sots.1-768x511-1.webp\" class=\"kb-gallery-item-link\"   role=\"button\" aria-haspopup=\"dialog\"><div class=\"kb-gal-image-radius\"><div class=\"kb-gallery-image-contain kadence-blocks-gallery-intrinsic kb-gallery-image-ratio-land32 kb-has-image-ratio-land32\" ><img loading=\"lazy\" decoding=\"async\" src=\"https:\/\/fassaadistuudio.ee\/wp-content\/uploads\/2025\/05\/fixfas.eu-dako-grc-klaas-fiiberbetoonist-fassaadid-dako-grc-fixfas.eu-sots.1-768x511-1.webp\" width=\"768\" height=\"511\" alt=\"\" data-full-image=\"https:\/\/fassaadistuudio.ee\/wp-content\/uploads\/2025\/05\/fixfas.eu-dako-grc-klaas-fiiberbetoonist-fassaadid-dako-grc-fixfas.eu-sots.1-768x511-1.webp\" data-light-image=\"https:\/\/fassaadistuudio.ee\/wp-content\/uploads\/2025\/05\/fixfas.eu-dako-grc-klaas-fiiberbetoonist-fassaadid-dako-grc-fixfas.eu-sots.1-768x511-1.webp\" data-id=\"1789\" class=\"wp-image-1789 skip-lazy\" srcset=\"https:\/\/fassaadistuudio.ee\/wp-content\/uploads\/2025\/05\/fixfas.eu-dako-grc-klaas-fiiberbetoonist-fassaadid-dako-grc-fixfas.eu-sots.1-768x511-1.webp 768w, https:\/\/fassaadistuudio.ee\/wp-content\/uploads\/2025\/05\/fixfas.eu-dako-grc-klaas-fiiberbetoonist-fassaadid-dako-grc-fixfas.eu-sots.1-768x511-1-300x200.webp 300w, https:\/\/fassaadistuudio.ee\/wp-content\/uploads\/2025\/05\/fixfas.eu-dako-grc-klaas-fiiberbetoonist-fassaadid-dako-grc-fixfas.eu-sots.1-768x511-1-18x12.webp 18w\" sizes=\"auto, (max-width: 768px) 100vw, 768px\" \/><\/div><\/div><\/a><\/figure><\/div><\/div><\/li><li class=\"kb-slide-item kb-gallery-carousel-item splide__slide\"><div class=\"kadence-blocks-gallery-item\"><div class=\"kadence-blocks-gallery-item-inner\"><figure class=\"kb-gallery-figure kb-gallery-item-has-link kadence-blocks-gallery-item-hide-caption\"><a href=\"https:\/\/fassaadistuudio.ee\/wp-content\/uploads\/2025\/05\/fixfas.eu-dako-grc-klaas-fiiberbetoonist-fassaadid-dako-grc-fixfas.eu-sots.2-1024x681-1.webp\" class=\"kb-gallery-item-link\"   role=\"button\" aria-haspopup=\"dialog\"><div class=\"kb-gal-image-radius\"><div class=\"kb-gallery-image-contain kadence-blocks-gallery-intrinsic kb-gallery-image-ratio-land32 kb-has-image-ratio-land32\" ><img loading=\"lazy\" decoding=\"async\" src=\"https:\/\/fassaadistuudio.ee\/wp-content\/uploads\/2025\/05\/fixfas.eu-dako-grc-klaas-fiiberbetoonist-fassaadid-dako-grc-fixfas.eu-sots.2-1024x681-1.webp\" width=\"1024\" height=\"681\" alt=\"\" data-full-image=\"https:\/\/fassaadistuudio.ee\/wp-content\/uploads\/2025\/05\/fixfas.eu-dako-grc-klaas-fiiberbetoonist-fassaadid-dako-grc-fixfas.eu-sots.2-1024x681-1.webp\" data-light-image=\"https:\/\/fassaadistuudio.ee\/wp-content\/uploads\/2025\/05\/fixfas.eu-dako-grc-klaas-fiiberbetoonist-fassaadid-dako-grc-fixfas.eu-sots.2-1024x681-1.webp\" data-id=\"1788\" class=\"wp-image-1788 skip-lazy\" srcset=\"https:\/\/fassaadistuudio.ee\/wp-content\/uploads\/2025\/05\/fixfas.eu-dako-grc-klaas-fiiberbetoonist-fassaadid-dako-grc-fixfas.eu-sots.2-1024x681-1.webp 1024w, https:\/\/fassaadistuudio.ee\/wp-content\/uploads\/2025\/05\/fixfas.eu-dako-grc-klaas-fiiberbetoonist-fassaadid-dako-grc-fixfas.eu-sots.2-1024x681-1-300x200.webp 300w, https:\/\/fassaadistuudio.ee\/wp-content\/uploads\/2025\/05\/fixfas.eu-dako-grc-klaas-fiiberbetoonist-fassaadid-dako-grc-fixfas.eu-sots.2-1024x681-1-768x511.webp 768w, https:\/\/fassaadistuudio.ee\/wp-content\/uploads\/2025\/05\/fixfas.eu-dako-grc-klaas-fiiberbetoonist-fassaadid-dako-grc-fixfas.eu-sots.2-1024x681-1-18x12.webp 18w\" sizes=\"auto, (max-width: 1024px) 100vw, 1024px\" \/><\/div><\/div><\/a><\/figure><\/div><\/div><\/li><\/ul><\/div><\/div><\/div><\/div>\n\n\n<div class=\"wp-block-buttons is-layout-flex wp-block-buttons-is-layout-flex\">\n<div class=\"wp-block-button\"><a class=\"wp-block-button__link wp-element-button\" href=\"https:\/\/fassaadistuudio.ee\/kontakt\/\">V\u00f5ta \u00fchendust<\/a><\/div>\n\n\n\n<div class=\"wp-block-button popmake-1269\"><a class=\"wp-block-button__link wp-element-button\">Tee p\u00e4ring<\/a><\/div>\n<\/div>\n\n\n\n<p><\/p>\n","protected":false},"excerpt":{"rendered":"<p>Fiiberbetoon fassaadiplaadid OMADUSED Klaasfiiberbetoon (Glass fiber reinforced concrete) on klaaskiududega tugevdatud betoonist ehitusmaterjal. Oma heade f\u00fc\u00fcsikalis-mehaaniliste omaduste t\u00f5ttu kasutatakse klaasfiiberbetooni laialdaselt arhitektuuris ja tsiviilehituses. Selle materjali suur eelis tuleneb klaaskiu sisaldusest, mis annab DAKO GRC klaasfiiberbetoonist elementidele tugevuse ja vastupidavuse. Samas s\u00e4ilitades suhteliselt v\u00e4ikese kaalu. Toota saab massiivseid elemente, maksimaalne elemendi m\u00f5\u00f5t 20m\u00b2<\/p>","protected":false},"author":1,"featured_media":0,"parent":14,"menu_order":0,"comment_status":"closed","ping_status":"closed","template":"","meta":{"_kadence_starter_templates_imported_post":false,"_kad_post_transparent":"enable","_kad_post_title":"hide","_kad_post_layout":"","_kad_post_sidebar_id":"","_kad_post_content_style":"","_kad_post_vertical_padding":"bottom","_kad_post_feature":"","_kad_post_feature_position":"","_kad_post_header":false,"_kad_post_footer":false,"_kad_post_classname":"","footnotes":""},"class_list":["post-1785","page","type-page","status-publish","hentry"],"yoast_head":"<!-- This site is optimized with the Yoast SEO plugin v27.3 - https:\/\/yoast.com\/product\/yoast-seo-wordpress\/ -->\n<title>Fiiberbetoon fassaadiplaadid - Fassaadistuudio<\/title>\n<meta name=\"robots\" content=\"index, follow, max-snippet:-1, max-image-preview:large, max-video-preview:-1\" \/>\n<link rel=\"canonical\" href=\"https:\/\/fassaadistuudio.ee\/en\/tooted\/fiiberbetoon-fassaadiplaadid\/\" \/>\n<meta property=\"og:locale\" content=\"en_GB\" \/>\n<meta property=\"og:type\" content=\"article\" \/>\n<meta property=\"og:title\" content=\"Fiiberbetoon fassaadiplaadid - Fassaadistuudio\" \/>\n<meta property=\"og:description\" content=\"Fiiberbetoon fassaadiplaadid OMADUSED Klaasfiiberbetoon (Glass fiber reinforced concrete) on klaaskiududega tugevdatud betoonist ehitusmaterjal. Oma heade f\u00fc\u00fcsikalis-mehaaniliste omaduste t\u00f5ttu kasutatakse klaasfiiberbetooni laialdaselt arhitektuuris ja tsiviilehituses. Selle materjali suur eelis tuleneb klaaskiu sisaldusest, mis annab DAKO GRC klaasfiiberbetoonist elementidele tugevuse ja vastupidavuse. Samas s\u00e4ilitades suhteliselt v\u00e4ikese kaalu. Toota saab massiivseid elemente, maksimaalne elemendi m\u00f5\u00f5t 20m\u00b2\" \/>\n<meta property=\"og:url\" content=\"https:\/\/fassaadistuudio.ee\/en\/tooted\/fiiberbetoon-fassaadiplaadid\/\" \/>\n<meta property=\"og:site_name\" content=\"Fassaadistuudio\" \/>\n<meta property=\"article:modified_time\" content=\"2025-06-17T07:36:47+00:00\" \/>\n<meta name=\"twitter:card\" content=\"summary_large_image\" \/>\n<script type=\"application\/ld+json\" class=\"yoast-schema-graph\">{\"@context\":\"https:\\\/\\\/schema.org\",\"@graph\":[{\"@type\":\"WebPage\",\"@id\":\"https:\\\/\\\/fassaadistuudio.ee\\\/tooted\\\/fiiberbetoon-fassaadiplaadid\\\/\",\"url\":\"https:\\\/\\\/fassaadistuudio.ee\\\/tooted\\\/fiiberbetoon-fassaadiplaadid\\\/\",\"name\":\"Fiiberbetoon fassaadiplaadid - Fassaadistuudio\",\"isPartOf\":{\"@id\":\"https:\\\/\\\/fassaadistuudio.ee\\\/#website\"},\"datePublished\":\"2025-05-03T13:49:00+00:00\",\"dateModified\":\"2025-06-17T07:36:47+00:00\",\"breadcrumb\":{\"@id\":\"https:\\\/\\\/fassaadistuudio.ee\\\/tooted\\\/fiiberbetoon-fassaadiplaadid\\\/#breadcrumb\"},\"inLanguage\":\"en-GB\",\"potentialAction\":[{\"@type\":\"ReadAction\",\"target\":[\"https:\\\/\\\/fassaadistuudio.ee\\\/tooted\\\/fiiberbetoon-fassaadiplaadid\\\/\"]}]},{\"@type\":\"BreadcrumbList\",\"@id\":\"https:\\\/\\\/fassaadistuudio.ee\\\/tooted\\\/fiiberbetoon-fassaadiplaadid\\\/#breadcrumb\",\"itemListElement\":[{\"@type\":\"ListItem\",\"position\":1,\"name\":\"Home\",\"item\":\"https:\\\/\\\/fassaadistuudio.ee\\\/\"},{\"@type\":\"ListItem\",\"position\":2,\"name\":\"Tooted\",\"item\":\"https:\\\/\\\/fassaadistuudio.ee\\\/tooted\\\/\"},{\"@type\":\"ListItem\",\"position\":3,\"name\":\"Fiiberbetoon fassaadiplaadid\"}]},{\"@type\":\"WebSite\",\"@id\":\"https:\\\/\\\/fassaadistuudio.ee\\\/#website\",\"url\":\"https:\\\/\\\/fassaadistuudio.ee\\\/\",\"name\":\"Fassaadistuudio\",\"description\":\"Fassaadistuudio O&Uuml;\",\"publisher\":{\"@id\":\"https:\\\/\\\/fassaadistuudio.ee\\\/#organization\"},\"potentialAction\":[{\"@type\":\"SearchAction\",\"target\":{\"@type\":\"EntryPoint\",\"urlTemplate\":\"https:\\\/\\\/fassaadistuudio.ee\\\/?s={search_term_string}\"},\"query-input\":{\"@type\":\"PropertyValueSpecification\",\"valueRequired\":true,\"valueName\":\"search_term_string\"}}],\"inLanguage\":\"en-GB\"},{\"@type\":\"Organization\",\"@id\":\"https:\\\/\\\/fassaadistuudio.ee\\\/#organization\",\"name\":\"Fassaadistuudio\",\"url\":\"https:\\\/\\\/fassaadistuudio.ee\\\/\",\"logo\":{\"@type\":\"ImageObject\",\"inLanguage\":\"en-GB\",\"@id\":\"https:\\\/\\\/fassaadistuudio.ee\\\/#\\\/schema\\\/logo\\\/image\\\/\",\"url\":\"https:\\\/\\\/fassaadistuudio.ee\\\/wp-content\\\/uploads\\\/2024\\\/04\\\/cropped-cropped-logo_transparent-1-1.png\",\"contentUrl\":\"https:\\\/\\\/fassaadistuudio.ee\\\/wp-content\\\/uploads\\\/2024\\\/04\\\/cropped-cropped-logo_transparent-1-1.png\",\"width\":599,\"height\":598,\"caption\":\"Fassaadistuudio\"},\"image\":{\"@id\":\"https:\\\/\\\/fassaadistuudio.ee\\\/#\\\/schema\\\/logo\\\/image\\\/\"}}]}<\/script>\n<!-- \/ Yoast SEO plugin. -->","yoast_head_json":{"title":"Fiiberbetoon fassaadiplaadid - Fassaadistuudio","robots":{"index":"index","follow":"follow","max-snippet":"max-snippet:-1","max-image-preview":"max-image-preview:large","max-video-preview":"max-video-preview:-1"},"canonical":"https:\/\/fassaadistuudio.ee\/en\/tooted\/fiiberbetoon-fassaadiplaadid\/","og_locale":"en_GB","og_type":"article","og_title":"Fiiberbetoon fassaadiplaadid - Fassaadistuudio","og_description":"Fiiberbetoon fassaadiplaadid OMADUSED Klaasfiiberbetoon (Glass fiber reinforced concrete) on klaaskiududega tugevdatud betoonist ehitusmaterjal. Oma heade f\u00fc\u00fcsikalis-mehaaniliste omaduste t\u00f5ttu kasutatakse klaasfiiberbetooni laialdaselt arhitektuuris ja tsiviilehituses. Selle materjali suur eelis tuleneb klaaskiu sisaldusest, mis annab DAKO GRC klaasfiiberbetoonist elementidele tugevuse ja vastupidavuse. Samas s\u00e4ilitades suhteliselt v\u00e4ikese kaalu. Toota saab massiivseid elemente, maksimaalne elemendi m\u00f5\u00f5t 20m\u00b2","og_url":"https:\/\/fassaadistuudio.ee\/en\/tooted\/fiiberbetoon-fassaadiplaadid\/","og_site_name":"Fassaadistuudio","article_modified_time":"2025-06-17T07:36:47+00:00","twitter_card":"summary_large_image","schema":{"@context":"https:\/\/schema.org","@graph":[{"@type":"WebPage","@id":"https:\/\/fassaadistuudio.ee\/tooted\/fiiberbetoon-fassaadiplaadid\/","url":"https:\/\/fassaadistuudio.ee\/tooted\/fiiberbetoon-fassaadiplaadid\/","name":"Fiiberbetoon fassaadiplaadid - Fassaadistuudio","isPartOf":{"@id":"https:\/\/fassaadistuudio.ee\/#website"},"datePublished":"2025-05-03T13:49:00+00:00","dateModified":"2025-06-17T07:36:47+00:00","breadcrumb":{"@id":"https:\/\/fassaadistuudio.ee\/tooted\/fiiberbetoon-fassaadiplaadid\/#breadcrumb"},"inLanguage":"en-GB","potentialAction":[{"@type":"ReadAction","target":["https:\/\/fassaadistuudio.ee\/tooted\/fiiberbetoon-fassaadiplaadid\/"]}]},{"@type":"BreadcrumbList","@id":"https:\/\/fassaadistuudio.ee\/tooted\/fiiberbetoon-fassaadiplaadid\/#breadcrumb","itemListElement":[{"@type":"ListItem","position":1,"name":"Home","item":"https:\/\/fassaadistuudio.ee\/"},{"@type":"ListItem","position":2,"name":"Tooted","item":"https:\/\/fassaadistuudio.ee\/tooted\/"},{"@type":"ListItem","position":3,"name":"Fiiberbetoon fassaadiplaadid"}]},{"@type":"WebSite","@id":"https:\/\/fassaadistuudio.ee\/#website","url":"https:\/\/fassaadistuudio.ee\/","name":"Fassaadistuudio","description":"Fassaadistuudio O&Uuml;","publisher":{"@id":"https:\/\/fassaadistuudio.ee\/#organization"},"potentialAction":[{"@type":"SearchAction","target":{"@type":"EntryPoint","urlTemplate":"https:\/\/fassaadistuudio.ee\/?s={search_term_string}"},"query-input":{"@type":"PropertyValueSpecification","valueRequired":true,"valueName":"search_term_string"}}],"inLanguage":"en-GB"},{"@type":"Organization","@id":"https:\/\/fassaadistuudio.ee\/#organization","name":"Fassaadistuudio","url":"https:\/\/fassaadistuudio.ee\/","logo":{"@type":"ImageObject","inLanguage":"en-GB","@id":"https:\/\/fassaadistuudio.ee\/#\/schema\/logo\/image\/","url":"https:\/\/fassaadistuudio.ee\/wp-content\/uploads\/2024\/04\/cropped-cropped-logo_transparent-1-1.png","contentUrl":"https:\/\/fassaadistuudio.ee\/wp-content\/uploads\/2024\/04\/cropped-cropped-logo_transparent-1-1.png","width":599,"height":598,"caption":"Fassaadistuudio"},"image":{"@id":"https:\/\/fassaadistuudio.ee\/#\/schema\/logo\/image\/"}}]}},"_links":{"self":[{"href":"https:\/\/fassaadistuudio.ee\/en\/wp-json\/wp\/v2\/pages\/1785","targetHints":{"allow":["GET"]}}],"collection":[{"href":"https:\/\/fassaadistuudio.ee\/en\/wp-json\/wp\/v2\/pages"}],"about":[{"href":"https:\/\/fassaadistuudio.ee\/en\/wp-json\/wp\/v2\/types\/page"}],"author":[{"embeddable":true,"href":"https:\/\/fassaadistuudio.ee\/en\/wp-json\/wp\/v2\/users\/1"}],"replies":[{"embeddable":true,"href":"https:\/\/fassaadistuudio.ee\/en\/wp-json\/wp\/v2\/comments?post=1785"}],"version-history":[{"count":6,"href":"https:\/\/fassaadistuudio.ee\/en\/wp-json\/wp\/v2\/pages\/1785\/revisions"}],"predecessor-version":[{"id":2037,"href":"https:\/\/fassaadistuudio.ee\/en\/wp-json\/wp\/v2\/pages\/1785\/revisions\/2037"}],"up":[{"embeddable":true,"href":"https:\/\/fassaadistuudio.ee\/en\/wp-json\/wp\/v2\/pages\/14"}],"wp:attachment":[{"href":"https:\/\/fassaadistuudio.ee\/en\/wp-json\/wp\/v2\/media?parent=1785"}],"curies":[{"name":"wp","href":"https:\/\/api.w.org\/{rel}","templated":true}]}}